{"id":743,"date":"2024-04-23T09:33:08","date_gmt":"2024-04-23T07:33:08","guid":{"rendered":"https:\/\/shop.mayacaffe.it\/online-store\/non%20class\u00e9\/capsules-lavazza-espresso-point\/"},"modified":"2024-06-17T09:04:56","modified_gmt":"2024-06-17T07:04:56","slug":"capsules-lavazza-espresso-point","status":"publish","type":"product","link":"https:\/\/shop.mayacaffe.it\/fr\/online-store\/capsules-compatibles-lavazza-espresso-point\/capsules-lavazza-espresso-point\/","title":{"rendered":"Capsules Lavazza Espresso Point"},"content":{"rendered":"[vc_row type=\u00a0\u00bbfull_width_background\u00a0\u00bb full_screen_row_position=\u00a0\u00bbmiddle\u00a0\u00bb column_margin=\u00a0\u00bb90px\u00a0\u00bb equal_height=\u00a0\u00bbyes\u00a0\u00bb content_placement=\u00a0\u00bbmiddle\u00a0\u00bb column_direction=\u00a0\u00bbdefault\u00a0\u00bb column_direction_tablet=\u00a0\u00bbdefault\u00a0\u00bb column_direction_phone=\u00a0\u00bbdefault\u00a0\u00bb bg_color=\u00a0\u00bb#333333&Prime; scene_position=\u00a0\u00bbcenter\u00a0\u00bb top_padding=\u00a0\u00bb8%\u00a0\u00bb constrain_group_1=\u00a0\u00bbyes\u00a0\u00bb bottom_padding=\u00a0\u00bb8%\u00a0\u00bb top_padding_tablet=\u00a0\u00bb15%\u00a0\u00bb constrain_group_3=\u00a0\u00bbyes\u00a0\u00bb bottom_padding_tablet=\u00a0\u00bb15%\u00a0\u00bb text_color=\u00a0\u00bblight\u00a0\u00bb text_align=\u00a0\u00bbleft\u00a0\u00bb row_border_radius=\u00a0\u00bbnone\u00a0\u00bb row_border_radius_applies=\u00a0\u00bbbg\u00a0\u00bb overflow=\u00a0\u00bbvisible\u00a0\u00bb overlay_strength=\u00a0\u00bb0.3&Prime; gradient_direction=\u00a0\u00bbleft_to_right\u00a0\u00bb shape_divider_position=\u00a0\u00bbbottom\u00a0\u00bb bg_image_animation=\u00a0\u00bbnone\u00a0\u00bb shape_type=\u00a0\u00bb\u00a0\u00bb gradient_type=\u00a0\u00bbdefault\u00a0\u00bb][vc_column column_padding=\u00a0\u00bbno-extra-padding\u00a0\u00bb column_padding_tablet=\u00a0\u00bbinherit\u00a0\u00bb column_padding_phone=\u00a0\u00bbinherit\u00a0\u00bb column_padding_position=\u00a0\u00bball\u00a0\u00bb column_element_direction_desktop=\u00a0\u00bbdefault\u00a0\u00bb column_element_spacing=\u00a0\u00bbdefault\u00a0\u00bb desktop_text_alignment=\u00a0\u00bbdefault\u00a0\u00bb tablet_text_alignment=\u00a0\u00bbdefault\u00a0\u00bb phone_text_alignment=\u00a0\u00bbdefault\u00a0\u00bb background_color_opacity=\u00a0\u00bb1&Prime; background_hover_color_opacity=\u00a0\u00bb1&Prime; background_image=\u00a0\u00bb279&Prime; background_image_position=\u00a0\u00bbcenter top\u00a0\u00bb background_image_stacking=\u00a0\u00bbdefault\u00a0\u00bb enable_bg_scale=\u00a0\u00bbtrue\u00a0\u00bb background_image_loading=\u00a0\u00bbdefault\u00a0\u00bb column_backdrop_filter=\u00a0\u00bbnone\u00a0\u00bb column_shadow=\u00a0\u00bbnone\u00a0\u00bb column_border_radius=\u00a0\u00bbnone\u00a0\u00bb column_link_target=\u00a0\u00bb_self\u00a0\u00bb column_position=\u00a0\u00bbdefault\u00a0\u00bb enable_gradient=\u00a0\u00bbtrue\u00a0\u00bb color_overlay_2=\u00a0\u00bb#333333&Prime; gradient_direction=\u00a0\u00bbleft_to_right\u00a0\u00bb overlay_strength=\u00a0\u00bb1&Prime; width=\u00a0\u00bb1\/2&Prime; tablet_width_inherit=\u00a0\u00bbdefault\u00a0\u00bb animation_type=\u00a0\u00bbdefault\u00a0\u00bb bg_image_animation=\u00a0\u00bbzoom-out\u00a0\u00bb border_type=\u00a0\u00bbsimple\u00a0\u00bb column_border_width=\u00a0\u00bbnone\u00a0\u00bb column_border_style=\u00a0\u00bbsolid\u00a0\u00bb column_padding_type=\u00a0\u00bbdefault\u00a0\u00bb gradient_type=\u00a0\u00bbdefault\u00a0\u00bb][divider line_type=\u00a0\u00bbNo Line\u00a0\u00bb custom_height_tablet=\u00a0\u00bb600&Prime; custom_height_phone=\u00a0\u00bb500&Prime;][\/vc_column][vc_column column_padding=\u00a0\u00bbpadding-7-percent\u00a0\u00bb column_padding_tablet=\u00a0\u00bbinherit\u00a0\u00bb column_padding_phone=\u00a0\u00bbinherit\u00a0\u00bb column_padding_position=\u00a0\u00bbtop-bottom\u00a0\u00bb column_element_direction_desktop=\u00a0\u00bbdefault\u00a0\u00bb column_element_spacing=\u00a0\u00bbdefault\u00a0\u00bb desktop_text_alignment=\u00a0\u00bbdefault\u00a0\u00bb tablet_text_alignment=\u00a0\u00bbdefault\u00a0\u00bb phone_text_alignment=\u00a0\u00bbdefault\u00a0\u00bb background_color_opacity=\u00a0\u00bb1&Prime; background_hover_color_opacity=\u00a0\u00bb1&Prime; column_backdrop_filter=\u00a0\u00bbnone\u00a0\u00bb column_shadow=\u00a0\u00bbnone\u00a0\u00bb column_border_radius=\u00a0\u00bbnone\u00a0\u00bb column_link_target=\u00a0\u00bb_self\u00a0\u00bb column_position=\u00a0\u00bbdefault\u00a0\u00bb zindex=\u00a0\u00bb100&Prime; gradient_direction=\u00a0\u00bbleft_to_right\u00a0\u00bb overlay_strength=\u00a0\u00bb0.3&Prime; width=\u00a0\u00bb1\/2&Prime; tablet_width_inherit=\u00a0\u00bbdefault\u00a0\u00bb animation_type=\u00a0\u00bbdefault\u00a0\u00bb bg_image_animation=\u00a0\u00bbnone\u00a0\u00bb border_type=\u00a0\u00bbsimple\u00a0\u00bb column_border_width=\u00a0\u00bbnone\u00a0\u00bb column_border_style=\u00a0\u00bbsolid\u00a0\u00bb][vc_row_inner column_margin=\u00a0\u00bbdefault\u00a0\u00bb column_direction=\u00a0\u00bbdefault\u00a0\u00bb column_direction_tablet=\u00a0\u00bbdefault\u00a0\u00bb column_direction_phone=\u00a0\u00bbdefault\u00a0\u00bb translate_x=\u00a0\u00bb-28%\u00a0\u00bb translate_x_tablet=\u00a0\u00bb0%\u00a0\u00bb translate_x_phone=\u00a0\u00bb0%\u00a0\u00bb text_align=\u00a0\u00bbleft\u00a0\u00bb row_position=\u00a0\u00bbdefault\u00a0\u00bb row_position_tablet=\u00a0\u00bbinherit\u00a0\u00bb row_position_phone=\u00a0\u00bbinherit\u00a0\u00bb overflow=\u00a0\u00bbvisible\u00a0\u00bb pointer_events=\u00a0\u00bball\u00a0\u00bb][vc_column_inner column_padding=\u00a0\u00bbpadding-10-percent\u00a0\u00bb column_padding_tablet=\u00a0\u00bbinherit\u00a0\u00bb column_padding_phone=\u00a0\u00bbinherit\u00a0\u00bb column_padding_position=\u00a0\u00bbright\u00a0\u00bb column_element_direction_desktop=\u00a0\u00bbdefault\u00a0\u00bb column_element_spacing=\u00a0\u00bbdefault\u00a0\u00bb desktop_text_alignment=\u00a0\u00bbdefault\u00a0\u00bb tablet_text_alignment=\u00a0\u00bbdefault\u00a0\u00bb phone_text_alignment=\u00a0\u00bbdefault\u00a0\u00bb background_color_opacity=\u00a0\u00bb1&Prime; background_hover_color_opacity=\u00a0\u00bb1&Prime; column_backdrop_filter=\u00a0\u00bbnone\u00a0\u00bb column_shadow=\u00a0\u00bbnone\u00a0\u00bb column_border_radius=\u00a0\u00bbnone\u00a0\u00bb column_link_target=\u00a0\u00bb_self\u00a0\u00bb overflow=\u00a0\u00bbvisible\u00a0\u00bb gradient_direction=\u00a0\u00bbleft_to_right\u00a0\u00bb overlay_strength=\u00a0\u00bb0.3&Prime; width=\u00a0\u00bb1\/1&Prime; tablet_width_inherit=\u00a0\u00bbdefault\u00a0\u00bb animation_type=\u00a0\u00bbdefault\u00a0\u00bb bg_image_animation=\u00a0\u00bbnone\u00a0\u00bb border_type=\u00a0\u00bbsimple\u00a0\u00bb column_border_width=\u00a0\u00bbnone\u00a0\u00bb column_border_style=\u00a0\u00bbsolid\u00a0\u00bb][nectar_highlighted_text color_type=\u00a0\u00bbgradient\u00a0\u00bb highlight_color=\u00a0\u00bb#ffa33a\u00a0\u00bb secondary_color=\u00a0\u00bbrgba(232,165,42,0.01)\u00a0\u00bb style=\u00a0\u00bbhalf_text\u00a0\u00bb custom_font_size=\u00a0\u00bb5vh\u00a0\u00bb text_direction=\u00a0\u00bbdefault\u00a0\u00bb]\n<h3><em><strong>Capsules compatibles Lavazza Espresso Point<\/strong><\/em><\/h3>\n[\/nectar_highlighted_text][\/vc_column_inner][\/vc_row_inner][vc_row_inner column_margin=\u00a0\u00bbdefault\u00a0\u00bb column_direction=\u00a0\u00bbdefault\u00a0\u00bb column_direction_tablet=\u00a0\u00bbdefault\u00a0\u00bb column_direction_phone=\u00a0\u00bbdefault\u00a0\u00bb text_align=\u00a0\u00bbleft\u00a0\u00bb row_position=\u00a0\u00bbdefault\u00a0\u00bb row_position_tablet=\u00a0\u00bbinherit\u00a0\u00bb row_position_phone=\u00a0\u00bbinherit\u00a0\u00bb overflow=\u00a0\u00bbvisible\u00a0\u00bb pointer_events=\u00a0\u00bball\u00a0\u00bb][vc_column_inner column_padding=\u00a0\u00bbno-extra-padding\u00a0\u00bb column_padding_tablet=\u00a0\u00bbinherit\u00a0\u00bb column_padding_phone=\u00a0\u00bbinherit\u00a0\u00bb column_padding_position=\u00a0\u00bball\u00a0\u00bb top_margin=\u00a0\u00bb40&Prime; top_margin_tablet=\u00a0\u00bb0px\u00a0\u00bb top_margin_phone=\u00a0\u00bb0px\u00a0\u00bb column_element_direction_desktop=\u00a0\u00bbdefault\u00a0\u00bb column_element_spacing=\u00a0\u00bbdefault\u00a0\u00bb desktop_text_alignment=\u00a0\u00bbdefault\u00a0\u00bb tablet_text_alignment=\u00a0\u00bbdefault\u00a0\u00bb phone_text_alignment=\u00a0\u00bbdefault\u00a0\u00bb background_color_opacity=\u00a0\u00bb1&Prime; background_hover_color_opacity=\u00a0\u00bb1&Prime; column_backdrop_filter=\u00a0\u00bbnone\u00a0\u00bb column_shadow=\u00a0\u00bbnone\u00a0\u00bb column_border_radius=\u00a0\u00bbnone\u00a0\u00bb column_link_target=\u00a0\u00bb_self\u00a0\u00bb overflow=\u00a0\u00bbvisible\u00a0\u00bb gradient_direction=\u00a0\u00bbleft_to_right\u00a0\u00bb overlay_strength=\u00a0\u00bb0.3&Prime; width=\u00a0\u00bb1\/1&Prime; tablet_width_inherit=\u00a0\u00bbdefault\u00a0\u00bb animation_type=\u00a0\u00bbdefault\u00a0\u00bb bg_image_animation=\u00a0\u00bbnone\u00a0\u00bb border_type=\u00a0\u00bbsimple\u00a0\u00bb column_border_width=\u00a0\u00bbnone\u00a0\u00bb column_border_style=\u00a0\u00bbsolid\u00a0\u00bb][vc_column_text css=\u00a0\u00bb.vc_custom_1713858690406{padding-right: 10% !important;}\u00a0\u00bb text_direction=\u00a0\u00bbdefault\u00a0\u00bb]<strong>D\u00e9couvrez le monde du caf\u00e9 Lavazza Espresso Point<\/strong><\/p>\n<p>Bienvenue dans le monde des caf\u00e9s Lavazza Espresso Point, o\u00f9 l&rsquo;excellence rencontre la polyvalence. D\u00e9couvrez la vari\u00e9t\u00e9, de l&rsquo;intensit\u00e9 robuste de la Linea Rossa \u00e0 l&rsquo;ar\u00f4me enveloppant de la Linea Nera, en passant par l&rsquo;agr\u00e9ment d\u00e9licat de la Linea Azzurra, pour un espresso adapt\u00e9 \u00e0 chaque palais.[\/vc_column_text][\/vc_column_inner][\/vc_row_inner][\/vc_column][\/vc_row]\n","protected":false},"excerpt":{"rendered":"<p>Profitez d&rsquo;une exp\u00e9rience de caf\u00e9 in\u00e9gal\u00e9e avec notre s\u00e9lection de Lavazza Espresso Points. Choisissez entre la vigoureuse Red Line, au caract\u00e8re fort et prononc\u00e9, la profonde Black Line, \u00e0 l&rsquo;ar\u00f4me plein et engageant, et la sophistiqu\u00e9e Blue Line, \u00e0 la saveur d\u00e9licate et distincte. Quel que soit votre go\u00fbt, vous trouverez l&rsquo;espresso parfait pour vous avec Lavazza Espresso Point.<\/p>\n","protected":false},"featured_media":681,"comment_status":"closed","ping_status":"closed","template":"","meta":{"jetpack_post_was_ever_published":false},"product_brand":[],"product_cat":[113],"product_tag":[114,116,115],"class_list":{"0":"post-743","1":"product","2":"type-product","3":"status-publish","4":"has-post-thumbnail","6":"product_cat-capsules-compatibles-lavazza-espresso-point","7":"product_tag-capsules-fr","8":"product_tag-espresso-point-fr","9":"product_tag-lavazza-fr","11":"first","12":"instock","13":"taxable","14":"shipping-taxable","15":"purchasable","16":"product-type-variable","17":"has-default-attributes"},"yoast_head":"<!-- This site is optimized with the Yoast SEO plugin v26.4 - https:\/\/yoast.com\/wordpress\/plugins\/seo\/ -->\n<title>Capsules Lavazza Espresso Point - Maya Caff\u00e8 Online Shop<\/title>\n<meta name=\"robots\" content=\"index, follow, max-snippet:-1, max-image-preview:large, max-video-preview:-1\" \/>\n<link rel=\"canonical\" href=\"https:\/\/shop.mayacaffe.it\/fr\/online-store\/capsules-compatibles-lavazza-espresso-point\/capsules-lavazza-espresso-point\/\" \/>\n<meta property=\"og:locale\" content=\"fr_FR\" \/>\n<meta property=\"og:type\" content=\"article\" \/>\n<meta property=\"og:title\" content=\"Capsules Lavazza Espresso Point - Maya Caff\u00e8 Online Shop\" \/>\n<meta property=\"og:description\" content=\"Profitez d&#039;une exp\u00e9rience de caf\u00e9 in\u00e9gal\u00e9e avec notre s\u00e9lection de Lavazza Espresso Points. Choisissez entre la vigoureuse Red Line, au caract\u00e8re fort et prononc\u00e9, la profonde Black Line, \u00e0 l&#039;ar\u00f4me plein et engageant, et la sophistiqu\u00e9e Blue Line, \u00e0 la saveur d\u00e9licate et distincte. Quel que soit votre go\u00fbt, vous trouverez l&#039;espresso parfait pour vous avec Lavazza Espresso Point.\" \/>\n<meta property=\"og:url\" content=\"https:\/\/shop.mayacaffe.it\/fr\/online-store\/capsules-compatibles-lavazza-espresso-point\/capsules-lavazza-espresso-point\/\" \/>\n<meta property=\"og:site_name\" content=\"Maya Caff\u00e8 Online Shop\" \/>\n<meta property=\"article:publisher\" content=\"https:\/\/www.facebook.com\/mayacaffecomo\/\" \/>\n<meta property=\"article:modified_time\" content=\"2024-06-17T07:04:56+00:00\" \/>\n<meta name=\"twitter:card\" content=\"summary_large_image\" \/>\n<meta name=\"twitter:label1\" content=\"Dur\u00e9e de lecture estim\u00e9e\" \/>\n\t<meta name=\"twitter:data1\" content=\"4 minutes\" \/>\n<script type=\"application\/ld+json\" class=\"yoast-schema-graph\">{\"@context\":\"https:\/\/schema.org\",\"@graph\":[{\"@type\":\"WebPage\",\"@id\":\"https:\/\/shop.mayacaffe.it\/fr\/online-store\/capsules-compatibles-lavazza-espresso-point\/capsules-lavazza-espresso-point\/\",\"url\":\"https:\/\/shop.mayacaffe.it\/fr\/online-store\/capsules-compatibles-lavazza-espresso-point\/capsules-lavazza-espresso-point\/\",\"name\":\"Capsules Lavazza Espresso Point - Maya Caff\u00e8 Online Shop\",\"isPartOf\":{\"@id\":\"https:\/\/shop.mayacaffe.it\/fr\/#website\"},\"primaryImageOfPage\":{\"@id\":\"https:\/\/shop.mayacaffe.it\/fr\/online-store\/capsules-compatibles-lavazza-espresso-point\/capsules-lavazza-espresso-point\/#primaryimage\"},\"image\":{\"@id\":\"https:\/\/shop.mayacaffe.it\/fr\/online-store\/capsules-compatibles-lavazza-espresso-point\/capsules-lavazza-espresso-point\/#primaryimage\"},\"thumbnailUrl\":\"https:\/\/shop.mayacaffe.it\/wp-content\/uploads\/2024\/04\/capsule-lavazza-espresso_point-1.png\",\"datePublished\":\"2024-04-23T07:33:08+00:00\",\"dateModified\":\"2024-06-17T07:04:56+00:00\",\"breadcrumb\":{\"@id\":\"https:\/\/shop.mayacaffe.it\/fr\/online-store\/capsules-compatibles-lavazza-espresso-point\/capsules-lavazza-espresso-point\/#breadcrumb\"},\"inLanguage\":\"fr-FR\",\"potentialAction\":[{\"@type\":\"ReadAction\",\"target\":[\"https:\/\/shop.mayacaffe.it\/fr\/online-store\/capsules-compatibles-lavazza-espresso-point\/capsules-lavazza-espresso-point\/\"]}]},{\"@type\":\"ImageObject\",\"inLanguage\":\"fr-FR\",\"@id\":\"https:\/\/shop.mayacaffe.it\/fr\/online-store\/capsules-compatibles-lavazza-espresso-point\/capsules-lavazza-espresso-point\/#primaryimage\",\"url\":\"https:\/\/shop.mayacaffe.it\/wp-content\/uploads\/2024\/04\/capsule-lavazza-espresso_point-1.png\",\"contentUrl\":\"https:\/\/shop.mayacaffe.it\/wp-content\/uploads\/2024\/04\/capsule-lavazza-espresso_point-1.png\",\"width\":4000,\"height\":3200},{\"@type\":\"BreadcrumbList\",\"@id\":\"https:\/\/shop.mayacaffe.it\/fr\/online-store\/capsules-compatibles-lavazza-espresso-point\/capsules-lavazza-espresso-point\/#breadcrumb\",\"itemListElement\":[{\"@type\":\"ListItem\",\"position\":1,\"name\":\"Home\",\"item\":\"https:\/\/shop.mayacaffe.it\/fr\/\"},{\"@type\":\"ListItem\",\"position\":2,\"name\":\"Boutique\",\"item\":\"https:\/\/shop.mayacaffe.it\/\"},{\"@type\":\"ListItem\",\"position\":3,\"name\":\"Capsules Lavazza Espresso Point\"}]},{\"@type\":\"WebSite\",\"@id\":\"https:\/\/shop.mayacaffe.it\/fr\/#website\",\"url\":\"https:\/\/shop.mayacaffe.it\/fr\/\",\"name\":\"Caff\u00e8 Maya Como\",\"description\":\"Torrefazione di Produzione Artigianale Caff\u00e8 Maya Como\",\"publisher\":{\"@id\":\"https:\/\/shop.mayacaffe.it\/fr\/#organization\"},\"potentialAction\":[{\"@type\":\"SearchAction\",\"target\":{\"@type\":\"EntryPoint\",\"urlTemplate\":\"https:\/\/shop.mayacaffe.it\/fr\/?s={search_term_string}\"},\"query-input\":{\"@type\":\"PropertyValueSpecification\",\"valueRequired\":true,\"valueName\":\"search_term_string\"}}],\"inLanguage\":\"fr-FR\"},{\"@type\":\"Organization\",\"@id\":\"https:\/\/shop.mayacaffe.it\/fr\/#organization\",\"name\":\"Torrefazione Caff\u00e8 MAYA S.A.S di Rimoldi D & C\",\"url\":\"https:\/\/shop.mayacaffe.it\/fr\/\",\"logo\":{\"@type\":\"ImageObject\",\"inLanguage\":\"fr-FR\",\"@id\":\"https:\/\/shop.mayacaffe.it\/fr\/#\/schema\/logo\/image\/\",\"url\":\"https:\/\/shop.mayacaffe.it\/wp-content\/uploads\/2024\/04\/logo-maya-tr.webp\",\"contentUrl\":\"https:\/\/shop.mayacaffe.it\/wp-content\/uploads\/2024\/04\/logo-maya-tr.webp\",\"width\":198,\"height\":198,\"caption\":\"Torrefazione Caff\u00e8 MAYA S.A.S di Rimoldi D & C\"},\"image\":{\"@id\":\"https:\/\/shop.mayacaffe.it\/fr\/#\/schema\/logo\/image\/\"},\"sameAs\":[\"https:\/\/www.facebook.com\/mayacaffecomo\/\"]}]}<\/script>\n<!-- \/ Yoast SEO plugin. -->","yoast_head_json":{"title":"Capsules Lavazza Espresso Point - Maya Caff\u00e8 Online Shop","robots":{"index":"index","follow":"follow","max-snippet":"max-snippet:-1","max-image-preview":"max-image-preview:large","max-video-preview":"max-video-preview:-1"},"canonical":"https:\/\/shop.mayacaffe.it\/fr\/online-store\/capsules-compatibles-lavazza-espresso-point\/capsules-lavazza-espresso-point\/","og_locale":"fr_FR","og_type":"article","og_title":"Capsules Lavazza Espresso Point - Maya Caff\u00e8 Online Shop","og_description":"Profitez d'une exp\u00e9rience de caf\u00e9 in\u00e9gal\u00e9e avec notre s\u00e9lection de Lavazza Espresso Points. Choisissez entre la vigoureuse Red Line, au caract\u00e8re fort et prononc\u00e9, la profonde Black Line, \u00e0 l'ar\u00f4me plein et engageant, et la sophistiqu\u00e9e Blue Line, \u00e0 la saveur d\u00e9licate et distincte. Quel que soit votre go\u00fbt, vous trouverez l'espresso parfait pour vous avec Lavazza Espresso Point.","og_url":"https:\/\/shop.mayacaffe.it\/fr\/online-store\/capsules-compatibles-lavazza-espresso-point\/capsules-lavazza-espresso-point\/","og_site_name":"Maya Caff\u00e8 Online Shop","article_publisher":"https:\/\/www.facebook.com\/mayacaffecomo\/","article_modified_time":"2024-06-17T07:04:56+00:00","twitter_card":"summary_large_image","twitter_misc":{"Dur\u00e9e de lecture estim\u00e9e":"4 minutes"},"schema":{"@context":"https:\/\/schema.org","@graph":[{"@type":"WebPage","@id":"https:\/\/shop.mayacaffe.it\/fr\/online-store\/capsules-compatibles-lavazza-espresso-point\/capsules-lavazza-espresso-point\/","url":"https:\/\/shop.mayacaffe.it\/fr\/online-store\/capsules-compatibles-lavazza-espresso-point\/capsules-lavazza-espresso-point\/","name":"Capsules Lavazza Espresso Point - Maya Caff\u00e8 Online Shop","isPartOf":{"@id":"https:\/\/shop.mayacaffe.it\/fr\/#website"},"primaryImageOfPage":{"@id":"https:\/\/shop.mayacaffe.it\/fr\/online-store\/capsules-compatibles-lavazza-espresso-point\/capsules-lavazza-espresso-point\/#primaryimage"},"image":{"@id":"https:\/\/shop.mayacaffe.it\/fr\/online-store\/capsules-compatibles-lavazza-espresso-point\/capsules-lavazza-espresso-point\/#primaryimage"},"thumbnailUrl":"https:\/\/shop.mayacaffe.it\/wp-content\/uploads\/2024\/04\/capsule-lavazza-espresso_point-1.png","datePublished":"2024-04-23T07:33:08+00:00","dateModified":"2024-06-17T07:04:56+00:00","breadcrumb":{"@id":"https:\/\/shop.mayacaffe.it\/fr\/online-store\/capsules-compatibles-lavazza-espresso-point\/capsules-lavazza-espresso-point\/#breadcrumb"},"inLanguage":"fr-FR","potentialAction":[{"@type":"ReadAction","target":["https:\/\/shop.mayacaffe.it\/fr\/online-store\/capsules-compatibles-lavazza-espresso-point\/capsules-lavazza-espresso-point\/"]}]},{"@type":"ImageObject","inLanguage":"fr-FR","@id":"https:\/\/shop.mayacaffe.it\/fr\/online-store\/capsules-compatibles-lavazza-espresso-point\/capsules-lavazza-espresso-point\/#primaryimage","url":"https:\/\/shop.mayacaffe.it\/wp-content\/uploads\/2024\/04\/capsule-lavazza-espresso_point-1.png","contentUrl":"https:\/\/shop.mayacaffe.it\/wp-content\/uploads\/2024\/04\/capsule-lavazza-espresso_point-1.png","width":4000,"height":3200},{"@type":"BreadcrumbList","@id":"https:\/\/shop.mayacaffe.it\/fr\/online-store\/capsules-compatibles-lavazza-espresso-point\/capsules-lavazza-espresso-point\/#breadcrumb","itemListElement":[{"@type":"ListItem","position":1,"name":"Home","item":"https:\/\/shop.mayacaffe.it\/fr\/"},{"@type":"ListItem","position":2,"name":"Boutique","item":"https:\/\/shop.mayacaffe.it\/"},{"@type":"ListItem","position":3,"name":"Capsules Lavazza Espresso Point"}]},{"@type":"WebSite","@id":"https:\/\/shop.mayacaffe.it\/fr\/#website","url":"https:\/\/shop.mayacaffe.it\/fr\/","name":"Caff\u00e8 Maya Como","description":"Torrefazione di Produzione Artigianale Caff\u00e8 Maya Como","publisher":{"@id":"https:\/\/shop.mayacaffe.it\/fr\/#organization"},"potentialAction":[{"@type":"SearchAction","target":{"@type":"EntryPoint","urlTemplate":"https:\/\/shop.mayacaffe.it\/fr\/?s={search_term_string}"},"query-input":{"@type":"PropertyValueSpecification","valueRequired":true,"valueName":"search_term_string"}}],"inLanguage":"fr-FR"},{"@type":"Organization","@id":"https:\/\/shop.mayacaffe.it\/fr\/#organization","name":"Torrefazione Caff\u00e8 MAYA S.A.S di Rimoldi D & C","url":"https:\/\/shop.mayacaffe.it\/fr\/","logo":{"@type":"ImageObject","inLanguage":"fr-FR","@id":"https:\/\/shop.mayacaffe.it\/fr\/#\/schema\/logo\/image\/","url":"https:\/\/shop.mayacaffe.it\/wp-content\/uploads\/2024\/04\/logo-maya-tr.webp","contentUrl":"https:\/\/shop.mayacaffe.it\/wp-content\/uploads\/2024\/04\/logo-maya-tr.webp","width":198,"height":198,"caption":"Torrefazione Caff\u00e8 MAYA S.A.S di Rimoldi D & C"},"image":{"@id":"https:\/\/shop.mayacaffe.it\/fr\/#\/schema\/logo\/image\/"},"sameAs":["https:\/\/www.facebook.com\/mayacaffecomo\/"]}]}},"jetpack_sharing_enabled":true,"_links":{"self":[{"href":"https:\/\/shop.mayacaffe.it\/fr\/wp-json\/wp\/v2\/product\/743","targetHints":{"allow":["GET"]}}],"collection":[{"href":"https:\/\/shop.mayacaffe.it\/fr\/wp-json\/wp\/v2\/product"}],"about":[{"href":"https:\/\/shop.mayacaffe.it\/fr\/wp-json\/wp\/v2\/types\/product"}],"replies":[{"embeddable":true,"href":"https:\/\/shop.mayacaffe.it\/fr\/wp-json\/wp\/v2\/comments?post=743"}],"wp:featuredmedia":[{"embeddable":true,"href":"https:\/\/shop.mayacaffe.it\/fr\/wp-json\/wp\/v2\/media\/681"}],"wp:attachment":[{"href":"https:\/\/shop.mayacaffe.it\/fr\/wp-json\/wp\/v2\/media?parent=743"}],"wp:term":[{"taxonomy":"product_brand","embeddable":true,"href":"https:\/\/shop.mayacaffe.it\/fr\/wp-json\/wp\/v2\/product_brand?post=743"},{"taxonomy":"product_cat","embeddable":true,"href":"https:\/\/shop.mayacaffe.it\/fr\/wp-json\/wp\/v2\/product_cat?post=743"},{"taxonomy":"product_tag","embeddable":true,"href":"https:\/\/shop.mayacaffe.it\/fr\/wp-json\/wp\/v2\/product_tag?post=743"}],"curies":[{"name":"wp","href":"https:\/\/api.w.org\/{rel}","templated":true}]}}