{"id":982,"date":"2024-04-29T15:58:16","date_gmt":"2024-04-29T13:58:16","guid":{"rendered":"https:\/\/shop.mayacaffe.it\/f-a-q\/"},"modified":"2024-06-21T20:31:08","modified_gmt":"2024-06-21T18:31:08","slug":"f-a-q","status":"publish","type":"page","link":"https:\/\/shop.mayacaffe.it\/fr\/f-a-q\/","title":{"rendered":"F.A.Q."},"content":{"rendered":"[vc_row type=\u00a0\u00bbin_container\u00a0\u00bb full_screen_row_position=\u00a0\u00bbmiddle\u00a0\u00bb column_margin=\u00a0\u00bbdefault\u00a0\u00bb column_direction=\u00a0\u00bbdefault\u00a0\u00bb column_direction_tablet=\u00a0\u00bbdefault\u00a0\u00bb column_direction_phone=\u00a0\u00bbdefault\u00a0\u00bb scene_position=\u00a0\u00bbcenter\u00a0\u00bb text_color=\u00a0\u00bbdark\u00a0\u00bb text_align=\u00a0\u00bbleft\u00a0\u00bb row_border_radius=\u00a0\u00bbnone\u00a0\u00bb row_border_radius_applies=\u00a0\u00bbbg\u00a0\u00bb overflow=\u00a0\u00bbvisible\u00a0\u00bb overlay_strength=\u00a0\u00bb0.3&Prime; gradient_direction=\u00a0\u00bbleft_to_right\u00a0\u00bb shape_divider_position=\u00a0\u00bbbottom\u00a0\u00bb bg_image_animation=\u00a0\u00bbnone\u00a0\u00bb][vc_column column_padding=\u00a0\u00bbno-extra-padding\u00a0\u00bb column_padding_tablet=\u00a0\u00bbinherit\u00a0\u00bb column_padding_phone=\u00a0\u00bbinherit\u00a0\u00bb column_padding_position=\u00a0\u00bball\u00a0\u00bb column_element_direction_desktop=\u00a0\u00bbdefault\u00a0\u00bb column_element_spacing=\u00a0\u00bbdefault\u00a0\u00bb desktop_text_alignment=\u00a0\u00bbdefault\u00a0\u00bb tablet_text_alignment=\u00a0\u00bbdefault\u00a0\u00bb phone_text_alignment=\u00a0\u00bbdefault\u00a0\u00bb background_color_opacity=\u00a0\u00bb1&Prime; background_hover_color_opacity=\u00a0\u00bb1&Prime; column_backdrop_filter=\u00a0\u00bbnone\u00a0\u00bb column_shadow=\u00a0\u00bbnone\u00a0\u00bb column_border_radius=\u00a0\u00bbnone\u00a0\u00bb column_link_target=\u00a0\u00bb_self\u00a0\u00bb column_position=\u00a0\u00bbdefault\u00a0\u00bb gradient_direction=\u00a0\u00bbleft_to_right\u00a0\u00bb overlay_strength=\u00a0\u00bb0.3&Prime; width=\u00a0\u00bb1\/1&Prime; tablet_width_inherit=\u00a0\u00bbdefault\u00a0\u00bb animation_type=\u00a0\u00bbdefault\u00a0\u00bb bg_image_animation=\u00a0\u00bbnone\u00a0\u00bb border_type=\u00a0\u00bbsimple\u00a0\u00bb column_border_width=\u00a0\u00bbnone\u00a0\u00bb column_border_style=\u00a0\u00bbsolid\u00a0\u00bb][vc_column_text text_direction=\u00a0\u00bbdefault\u00a0\u00bb]\n<h1>FAQ (Foire aux questions)<\/h1>\n<h2>Historique des comptes et des commandes<\/h2>\n<p><strong>Pourquoi ne puis-je pas trouver mon compte utilisateur sur shop.mayacaffe.co.uk ?<\/strong><\/p>\n<p>Nous avons cr\u00e9\u00e9 une nouvelle boutique pour am\u00e9liorer la s\u00e9curit\u00e9 et l&rsquo;exp\u00e9rience des utilisateurs. Pour des raisons de confidentialit\u00e9, les comptes existants enregistr\u00e9s avant le 21\/06\/2024 n&rsquo;ont pas \u00e9t\u00e9 transf\u00e9r\u00e9s. Il sera n\u00e9cessaire de cr\u00e9er un nouveau compte.<\/p>\n<p><strong>Qu&rsquo;advient-il de l&rsquo;historique de mes commandes ?<\/strong><\/p>\n<p>Comme nous n&rsquo;avons pas import\u00e9 les comptes d&rsquo;utilisateurs enregistr\u00e9s avant le 21\/06\/2024, l&rsquo;historique des commandes n&rsquo;a pas non plus \u00e9t\u00e9 transf\u00e9r\u00e9. Si vous avez besoin d&rsquo;informations sur vos commandes ant\u00e9rieures, veuillez nous contacter et nous serons heureux de vous aider. Nous garantissons un soutien total pour toutes les commandes pass\u00e9es pr\u00e9c\u00e9demment.<\/p>\n<p><strong>Comment les donn\u00e9es saisies sur l&rsquo;ancien site seront-elles trait\u00e9es ?<\/strong><\/p>\n<p>Les donn\u00e9es personnelles provenant de l&rsquo;ancien site seront trait\u00e9es conform\u00e9ment \u00e0 notre politique de confidentialit\u00e9 et seront supprim\u00e9es en toute s\u00e9curit\u00e9.<\/p>\n<h2>Exp\u00e9dition<\/h2>\n<p><strong>Quels sont les modes d&rsquo;exp\u00e9dition disponibles ?<\/strong><\/p>\n<p>Tous nos articles sont exp\u00e9di\u00e9s par des transporteurs nationaux et internationaux.<\/p>\n<p><strong>Effectuez-vous des envois internationaux ?<\/strong><\/p>\n<p>Oui, nous livrons presque partout dans le monde ! Vous pouvez visualiser les frais de port dans le panier d&rsquo;achat. En s\u00e9lectionnant le pays de livraison, vous pouvez calculer automatiquement les frais d&rsquo;exp\u00e9dition de votre commande. Si votre pays ne figure pas dans la liste, veuillez nous contacter et nous vous informerons des frais d&rsquo;exp\u00e9dition de votre commande.<\/p>\n<p><strong>Quel est le d\u00e9lai de livraison de mon colis ?<\/strong><\/p>\n<p>Dans la plupart des cas, la livraison des marchandises prend entre 2 et 7 jours ouvrables, en fonction du poids du colis et de l&rsquo;adresse de livraison.<\/p>\n<h2>Paiements<\/h2>\n<p><strong>Quels sont les modes de paiement autoris\u00e9s ?<\/strong><\/p>\n<p>Les paiements peuvent \u00eatre effectu\u00e9s par virement bancaire, compte PayPal, carte de cr\u00e9dit via PayPal ou contre remboursement \u00e0 notre atelier.<\/p>\n<p><strong>Les paiements en ligne sont-ils s\u00fbrs ?<\/strong><\/p>\n<p>Oui, le paiement par PayPal est consid\u00e9r\u00e9 comme l&rsquo;une des m\u00e9thodes les plus s\u00fbres pour effectuer des transactions en ligne. Les donn\u00e9es relatives aux cartes de cr\u00e9dit et aux comptes PayPal ne sont pas stock\u00e9es dans notre syst\u00e8me.<\/p>\n<h2>Commandes et retours<\/h2>\n<p><strong>Comment passer la commande ?<\/strong><\/p>\n<p>Choisissez vos produits pr\u00e9f\u00e9r\u00e9s, ajoutez-les au panier et passez \u00e0 la caisse. Vous pouvez le faire en tant qu&rsquo;utilisateur invit\u00e9 ou en tant qu&rsquo;utilisateur enregistr\u00e9.<\/p>\n<p><strong>Comment puis-je annuler ou modifier ma commande ?<\/strong><\/p>\n<p>Si vous devez annuler ou modifier votre commande, veuillez envoyer un e-mail \u00e0 <a href=\"mailto:info@mayacaffe.it\">info@mayacaffe.it <\/a>dans les plus brefs d\u00e9lais. Nous ferons de notre mieux pour vous aider. Toutefois, si le colis a d\u00e9j\u00e0 \u00e9t\u00e9 exp\u00e9di\u00e9, nous ne pouvons plus annuler ou modifier la commande.<\/p>\n<p><strong>Dois-je \u00eatre inscrit pour passer une commande ?<\/strong><\/p>\n<p>Non, vous pouvez faire des achats en tant qu&rsquo;utilisateur invit\u00e9 ou en tant qu&rsquo;utilisateur enregistr\u00e9.<\/p>\n<p><strong>Comment puis-je suivre ma commande ?<\/strong><\/p>\n<p>Pour suivre votre commande, visitez la page de l&rsquo;utilisateur et entrez votre num\u00e9ro de commande (inclus dans l&rsquo;e-mail de confirmation de la commande).<\/p>\n<p><strong>Comment puis-je retourner ma commande ?<\/strong><\/p>\n<p>Pour tout retour ou \u00e9change, veuillez nous contacter dans les plus brefs d\u00e9lais en envoyant un e-mail \u00e0 <a href=\"mailto:info@mayacaffe.it\" target=\"_new\" rel=\"noopener\">info@mayacaffe.it, en<\/a> pr\u00e9cisant :<\/p>\n<ul>\n<li>Num\u00e9ro de commande<\/li>\n<li>R\u00e9f\u00e9rence ou nom du produit que vous souhaitez retourner ou \u00e9changer<\/li>\n<li>Raison du retour du produit<\/li>\n<\/ul>\n<p>Nous vous contacterons pour vous aider et vous guider dans la proc\u00e9dure de retour.<\/p>\n<h2>Contact<\/h2>\n<p>Pour toute information compl\u00e9mentaire ou assistance, n&rsquo;h\u00e9sitez pas \u00e0 nous contacter :<\/p>\n<ul>\n<li><strong>T\u00e9l\u00e9phone: <\/strong> <a href=\"tel:+39031505217\">+39 031 &#8211; 505217<\/a><\/li>\n<li><strong>Courriel<\/strong>: <a href=\"mailto:info@mayacaffe.it\" target=\"_new\" rel=\"noopener\">info@mayacaffe.it<\/a><\/li>\n<\/ul>\n<p>Nous sommes l\u00e0 pour vous aider et r\u00e9pondre \u00e0 toutes vos questions concernant l&rsquo;exp\u00e9dition, le paiement, les commandes et les retours.[\/vc_column_text][\/vc_column][\/vc_row]\n","protected":false},"excerpt":{"rendered":"<p>[vc_row type=\u00a0\u00bbin_container\u00a0\u00bb full_screen_row_position=\u00a0\u00bbmiddle\u00a0\u00bb column_margin=\u00a0\u00bbdefault\u00a0\u00bb column_direction=\u00a0\u00bbdefault\u00a0\u00bb column_direction_tablet=\u00a0\u00bbdefault\u00a0\u00bb column_direction_phone=\u00a0\u00bbdefault\u00a0\u00bb scene_position=\u00a0\u00bbcenter\u00a0\u00bb text_color=\u00a0\u00bbdark\u00a0\u00bb text_align=\u00a0\u00bbleft\u00a0\u00bb row_border_radius=\u00a0\u00bbnone\u00a0\u00bb row_border_radius_applies=\u00a0\u00bbbg\u00a0\u00bb overflow=\u00a0\u00bbvisible\u00a0\u00bb overlay_strength=\u00a0\u00bb0.3&Prime; gradient_direction=\u00a0\u00bbleft_to_right\u00a0\u00bb shape_divider_position=\u00a0\u00bbbottom\u00a0\u00bb bg_image_animation=\u00a0\u00bbnone\u00a0\u00bb][vc_column column_padding=\u00a0\u00bbno-extra-padding\u00a0\u00bb column_padding_tablet=\u00a0\u00bbinherit\u00a0\u00bb column_padding_phone=\u00a0\u00bbinherit\u00a0\u00bb column_padding_position=\u00a0\u00bball\u00a0\u00bb column_element_direction_desktop=\u00a0\u00bbdefault\u00a0\u00bb column_element_spacing=\u00a0\u00bbdefault\u00a0\u00bb desktop_text_alignment=\u00a0\u00bbdefault\u00a0\u00bb tablet_text_alignment=\u00a0\u00bbdefault\u00a0\u00bb phone_text_alignment=\u00a0\u00bbdefault\u00a0\u00bb background_color_opacity=\u00a0\u00bb1&Prime; background_hover_color_opacity=\u00a0\u00bb1&Prime; column_backdrop_filter=\u00a0\u00bbnone\u00a0\u00bb column_shadow=\u00a0\u00bbnone\u00a0\u00bb&#8230;<\/p>\n","protected":false},"author":1,"featured_media":0,"parent":0,"menu_order":0,"comment_status":"closed","ping_status":"closed","template":"","meta":{"jetpack_post_was_ever_published":false,"footnotes":""},"class_list":["post-982","page","type-page","status-publish"],"yoast_head":"<!-- This site is optimized with the Yoast SEO plugin v26.4 - https:\/\/yoast.com\/wordpress\/plugins\/seo\/ -->\n<title>F.A.Q. - Maya Caff\u00e8 Online Shop<\/title>\n<meta name=\"robots\" content=\"index, follow, max-snippet:-1, max-image-preview:large, max-video-preview:-1\" \/>\n<link rel=\"canonical\" href=\"https:\/\/shop.mayacaffe.it\/fr\/f-a-q\/\" \/>\n<meta property=\"og:locale\" content=\"fr_FR\" \/>\n<meta property=\"og:type\" content=\"article\" \/>\n<meta property=\"og:title\" content=\"F.A.Q. - Maya Caff\u00e8 Online Shop\" \/>\n<meta property=\"og:description\" content=\"[vc_row type=\u00a0\u00bbin_container\u00a0\u00bb full_screen_row_position=\u00a0\u00bbmiddle\u00a0\u00bb column_margin=\u00a0\u00bbdefault\u00a0\u00bb column_direction=\u00a0\u00bbdefault\u00a0\u00bb column_direction_tablet=\u00a0\u00bbdefault\u00a0\u00bb column_direction_phone=\u00a0\u00bbdefault\u00a0\u00bb scene_position=\u00a0\u00bbcenter\u00a0\u00bb text_color=\u00a0\u00bbdark\u00a0\u00bb text_align=\u00a0\u00bbleft\u00a0\u00bb row_border_radius=\u00a0\u00bbnone\u00a0\u00bb row_border_radius_applies=\u00a0\u00bbbg\u00a0\u00bb overflow=\u00a0\u00bbvisible\u00a0\u00bb overlay_strength=\u00a0\u00bb0.3&Prime; gradient_direction=\u00a0\u00bbleft_to_right\u00a0\u00bb shape_divider_position=\u00a0\u00bbbottom\u00a0\u00bb bg_image_animation=\u00a0\u00bbnone\u00a0\u00bb][vc_column column_padding=\u00a0\u00bbno-extra-padding\u00a0\u00bb column_padding_tablet=\u00a0\u00bbinherit\u00a0\u00bb column_padding_phone=\u00a0\u00bbinherit\u00a0\u00bb column_padding_position=\u00a0\u00bball\u00a0\u00bb column_element_direction_desktop=\u00a0\u00bbdefault\u00a0\u00bb column_element_spacing=\u00a0\u00bbdefault\u00a0\u00bb desktop_text_alignment=\u00a0\u00bbdefault\u00a0\u00bb tablet_text_alignment=\u00a0\u00bbdefault\u00a0\u00bb phone_text_alignment=\u00a0\u00bbdefault\u00a0\u00bb background_color_opacity=\u00a0\u00bb1&Prime; background_hover_color_opacity=\u00a0\u00bb1&Prime; column_backdrop_filter=\u00a0\u00bbnone\u00a0\u00bb column_shadow=\u00a0\u00bbnone\u00a0\u00bb...\" \/>\n<meta property=\"og:url\" content=\"https:\/\/shop.mayacaffe.it\/fr\/f-a-q\/\" \/>\n<meta property=\"og:site_name\" content=\"Maya Caff\u00e8 Online Shop\" \/>\n<meta property=\"article:publisher\" content=\"https:\/\/www.facebook.com\/mayacaffecomo\/\" \/>\n<meta property=\"article:modified_time\" content=\"2024-06-21T18:31:08+00:00\" \/>\n<meta name=\"twitter:card\" content=\"summary_large_image\" \/>\n<meta name=\"twitter:label1\" content=\"Dur\u00e9e de lecture estim\u00e9e\" \/>\n\t<meta name=\"twitter:data1\" content=\"4 minutes\" \/>\n<script type=\"application\/ld+json\" class=\"yoast-schema-graph\">{\"@context\":\"https:\/\/schema.org\",\"@graph\":[{\"@type\":\"WebPage\",\"@id\":\"https:\/\/shop.mayacaffe.it\/fr\/f-a-q\/\",\"url\":\"https:\/\/shop.mayacaffe.it\/fr\/f-a-q\/\",\"name\":\"F.A.Q. - Maya Caff\u00e8 Online Shop\",\"isPartOf\":{\"@id\":\"https:\/\/shop.mayacaffe.it\/fr\/#website\"},\"datePublished\":\"2024-04-29T13:58:16+00:00\",\"dateModified\":\"2024-06-21T18:31:08+00:00\",\"breadcrumb\":{\"@id\":\"https:\/\/shop.mayacaffe.it\/fr\/f-a-q\/#breadcrumb\"},\"inLanguage\":\"fr-FR\",\"potentialAction\":[{\"@type\":\"ReadAction\",\"target\":[\"https:\/\/shop.mayacaffe.it\/fr\/f-a-q\/\"]}]},{\"@type\":\"BreadcrumbList\",\"@id\":\"https:\/\/shop.mayacaffe.it\/fr\/f-a-q\/#breadcrumb\",\"itemListElement\":[{\"@type\":\"ListItem\",\"position\":1,\"name\":\"Home\",\"item\":\"https:\/\/shop.mayacaffe.it\/fr\/\"},{\"@type\":\"ListItem\",\"position\":2,\"name\":\"F.A.Q.\"}]},{\"@type\":\"WebSite\",\"@id\":\"https:\/\/shop.mayacaffe.it\/fr\/#website\",\"url\":\"https:\/\/shop.mayacaffe.it\/fr\/\",\"name\":\"Caff\u00e8 Maya Como\",\"description\":\"Torrefazione di Produzione Artigianale Caff\u00e8 Maya Como\",\"publisher\":{\"@id\":\"https:\/\/shop.mayacaffe.it\/fr\/#organization\"},\"potentialAction\":[{\"@type\":\"SearchAction\",\"target\":{\"@type\":\"EntryPoint\",\"urlTemplate\":\"https:\/\/shop.mayacaffe.it\/fr\/?s={search_term_string}\"},\"query-input\":{\"@type\":\"PropertyValueSpecification\",\"valueRequired\":true,\"valueName\":\"search_term_string\"}}],\"inLanguage\":\"fr-FR\"},{\"@type\":\"Organization\",\"@id\":\"https:\/\/shop.mayacaffe.it\/fr\/#organization\",\"name\":\"Torrefazione Caff\u00e8 MAYA S.A.S di Rimoldi D & C\",\"url\":\"https:\/\/shop.mayacaffe.it\/fr\/\",\"logo\":{\"@type\":\"ImageObject\",\"inLanguage\":\"fr-FR\",\"@id\":\"https:\/\/shop.mayacaffe.it\/fr\/#\/schema\/logo\/image\/\",\"url\":\"https:\/\/shop.mayacaffe.it\/wp-content\/uploads\/2024\/04\/logo-maya-tr.webp\",\"contentUrl\":\"https:\/\/shop.mayacaffe.it\/wp-content\/uploads\/2024\/04\/logo-maya-tr.webp\",\"width\":198,\"height\":198,\"caption\":\"Torrefazione Caff\u00e8 MAYA S.A.S di Rimoldi D & C\"},\"image\":{\"@id\":\"https:\/\/shop.mayacaffe.it\/fr\/#\/schema\/logo\/image\/\"},\"sameAs\":[\"https:\/\/www.facebook.com\/mayacaffecomo\/\"]}]}<\/script>\n<!-- \/ Yoast SEO plugin. -->","yoast_head_json":{"title":"F.A.Q. - Maya Caff\u00e8 Online Shop","robots":{"index":"index","follow":"follow","max-snippet":"max-snippet:-1","max-image-preview":"max-image-preview:large","max-video-preview":"max-video-preview:-1"},"canonical":"https:\/\/shop.mayacaffe.it\/fr\/f-a-q\/","og_locale":"fr_FR","og_type":"article","og_title":"F.A.Q. - Maya Caff\u00e8 Online Shop","og_description":"[vc_row type=\u00a0\u00bbin_container\u00a0\u00bb full_screen_row_position=\u00a0\u00bbmiddle\u00a0\u00bb column_margin=\u00a0\u00bbdefault\u00a0\u00bb column_direction=\u00a0\u00bbdefault\u00a0\u00bb column_direction_tablet=\u00a0\u00bbdefault\u00a0\u00bb column_direction_phone=\u00a0\u00bbdefault\u00a0\u00bb scene_position=\u00a0\u00bbcenter\u00a0\u00bb text_color=\u00a0\u00bbdark\u00a0\u00bb text_align=\u00a0\u00bbleft\u00a0\u00bb row_border_radius=\u00a0\u00bbnone\u00a0\u00bb row_border_radius_applies=\u00a0\u00bbbg\u00a0\u00bb overflow=\u00a0\u00bbvisible\u00a0\u00bb overlay_strength=\u00a0\u00bb0.3&Prime; gradient_direction=\u00a0\u00bbleft_to_right\u00a0\u00bb shape_divider_position=\u00a0\u00bbbottom\u00a0\u00bb bg_image_animation=\u00a0\u00bbnone\u00a0\u00bb][vc_column column_padding=\u00a0\u00bbno-extra-padding\u00a0\u00bb column_padding_tablet=\u00a0\u00bbinherit\u00a0\u00bb column_padding_phone=\u00a0\u00bbinherit\u00a0\u00bb column_padding_position=\u00a0\u00bball\u00a0\u00bb column_element_direction_desktop=\u00a0\u00bbdefault\u00a0\u00bb column_element_spacing=\u00a0\u00bbdefault\u00a0\u00bb desktop_text_alignment=\u00a0\u00bbdefault\u00a0\u00bb tablet_text_alignment=\u00a0\u00bbdefault\u00a0\u00bb phone_text_alignment=\u00a0\u00bbdefault\u00a0\u00bb background_color_opacity=\u00a0\u00bb1&Prime; background_hover_color_opacity=\u00a0\u00bb1&Prime; column_backdrop_filter=\u00a0\u00bbnone\u00a0\u00bb column_shadow=\u00a0\u00bbnone\u00a0\u00bb...","og_url":"https:\/\/shop.mayacaffe.it\/fr\/f-a-q\/","og_site_name":"Maya Caff\u00e8 Online Shop","article_publisher":"https:\/\/www.facebook.com\/mayacaffecomo\/","article_modified_time":"2024-06-21T18:31:08+00:00","twitter_card":"summary_large_image","twitter_misc":{"Dur\u00e9e de lecture estim\u00e9e":"4 minutes"},"schema":{"@context":"https:\/\/schema.org","@graph":[{"@type":"WebPage","@id":"https:\/\/shop.mayacaffe.it\/fr\/f-a-q\/","url":"https:\/\/shop.mayacaffe.it\/fr\/f-a-q\/","name":"F.A.Q. - Maya Caff\u00e8 Online Shop","isPartOf":{"@id":"https:\/\/shop.mayacaffe.it\/fr\/#website"},"datePublished":"2024-04-29T13:58:16+00:00","dateModified":"2024-06-21T18:31:08+00:00","breadcrumb":{"@id":"https:\/\/shop.mayacaffe.it\/fr\/f-a-q\/#breadcrumb"},"inLanguage":"fr-FR","potentialAction":[{"@type":"ReadAction","target":["https:\/\/shop.mayacaffe.it\/fr\/f-a-q\/"]}]},{"@type":"BreadcrumbList","@id":"https:\/\/shop.mayacaffe.it\/fr\/f-a-q\/#breadcrumb","itemListElement":[{"@type":"ListItem","position":1,"name":"Home","item":"https:\/\/shop.mayacaffe.it\/fr\/"},{"@type":"ListItem","position":2,"name":"F.A.Q."}]},{"@type":"WebSite","@id":"https:\/\/shop.mayacaffe.it\/fr\/#website","url":"https:\/\/shop.mayacaffe.it\/fr\/","name":"Caff\u00e8 Maya Como","description":"Torrefazione di Produzione Artigianale Caff\u00e8 Maya Como","publisher":{"@id":"https:\/\/shop.mayacaffe.it\/fr\/#organization"},"potentialAction":[{"@type":"SearchAction","target":{"@type":"EntryPoint","urlTemplate":"https:\/\/shop.mayacaffe.it\/fr\/?s={search_term_string}"},"query-input":{"@type":"PropertyValueSpecification","valueRequired":true,"valueName":"search_term_string"}}],"inLanguage":"fr-FR"},{"@type":"Organization","@id":"https:\/\/shop.mayacaffe.it\/fr\/#organization","name":"Torrefazione Caff\u00e8 MAYA S.A.S di Rimoldi D & C","url":"https:\/\/shop.mayacaffe.it\/fr\/","logo":{"@type":"ImageObject","inLanguage":"fr-FR","@id":"https:\/\/shop.mayacaffe.it\/fr\/#\/schema\/logo\/image\/","url":"https:\/\/shop.mayacaffe.it\/wp-content\/uploads\/2024\/04\/logo-maya-tr.webp","contentUrl":"https:\/\/shop.mayacaffe.it\/wp-content\/uploads\/2024\/04\/logo-maya-tr.webp","width":198,"height":198,"caption":"Torrefazione Caff\u00e8 MAYA S.A.S di Rimoldi D & C"},"image":{"@id":"https:\/\/shop.mayacaffe.it\/fr\/#\/schema\/logo\/image\/"},"sameAs":["https:\/\/www.facebook.com\/mayacaffecomo\/"]}]}},"jetpack_shortlink":"https:\/\/wp.me\/PfHWGK-fQ","jetpack_sharing_enabled":true,"_links":{"self":[{"href":"https:\/\/shop.mayacaffe.it\/fr\/wp-json\/wp\/v2\/pages\/982","targetHints":{"allow":["GET"]}}],"collection":[{"href":"https:\/\/shop.mayacaffe.it\/fr\/wp-json\/wp\/v2\/pages"}],"about":[{"href":"https:\/\/shop.mayacaffe.it\/fr\/wp-json\/wp\/v2\/types\/page"}],"author":[{"embeddable":true,"href":"https:\/\/shop.mayacaffe.it\/fr\/wp-json\/wp\/v2\/users\/1"}],"replies":[{"embeddable":true,"href":"https:\/\/shop.mayacaffe.it\/fr\/wp-json\/wp\/v2\/comments?post=982"}],"version-history":[{"count":2,"href":"https:\/\/shop.mayacaffe.it\/fr\/wp-json\/wp\/v2\/pages\/982\/revisions"}],"predecessor-version":[{"id":1083,"href":"https:\/\/shop.mayacaffe.it\/fr\/wp-json\/wp\/v2\/pages\/982\/revisions\/1083"}],"wp:attachment":[{"href":"https:\/\/shop.mayacaffe.it\/fr\/wp-json\/wp\/v2\/media?parent=982"}],"curies":[{"name":"wp","href":"https:\/\/api.w.org\/{rel}","templated":true}]}}