{"id":893,"date":"2024-06-13T21:50:47","date_gmt":"2024-06-13T19:50:47","guid":{"rendered":"https:\/\/shop.mayacaffe.it\/online-store\/unkategorisiert\/nespresso-kompatible-spezialkapseln\/"},"modified":"2024-06-18T13:48:38","modified_gmt":"2024-06-18T11:48:38","slug":"nespresso-kompatible-spezialkapseln","status":"publish","type":"product","link":"https:\/\/shop.mayacaffe.it\/de\/online-store\/nespresso-kompatible-kapseln\/nespresso-kompatible-spezialkapseln\/","title":{"rendered":"Nespresso kompatible Spezialkapseln"},"content":{"rendered":"[vc_row type=&#8220;full_width_background&#8220; full_screen_row_position=&#8220;middle&#8220; column_margin=&#8220;90px&#8220; equal_height=&#8220;yes&#8220; content_placement=&#8220;middle&#8220; column_direction=&#8220;default&#8220; column_direction_tablet=&#8220;default&#8220; column_direction_phone=&#8220;default&#8220; bg_color=&#8220;#333333&#8243; scene_position=&#8220;center&#8220; top_padding=&#8220;8%&#8220; constrain_group_1=&#8220;yes&#8220; bottom_padding=&#8220;8%&#8220; top_padding_tablet=&#8220;15%&#8220; constrain_group_3=&#8220;yes&#8220; bottom_padding_tablet=&#8220;15%&#8220; text_color=&#8220;light&#8220; text_align=&#8220;left&#8220; row_border_radius=&#8220;none&#8220; row_border_radius_applies=&#8220;bg&#8220; overflow=&#8220;visible&#8220; overlay_strength=&#8220;0.3&#8243; gradient_direction=&#8220;left_to_right&#8220; shape_divider_position=&#8220;bottom&#8220; bg_image_animation=&#8220;none&#8220; shape_type=&#8220;&#8220; gradient_type=&#8220;default&#8220;][vc_column column_padding=&#8220;no-extra-padding&#8220; column_padding_tablet=&#8220;inherit&#8220; column_padding_phone=&#8220;inherit&#8220; column_padding_position=&#8220;all&#8220; column_element_direction_desktop=&#8220;default&#8220; column_element_spacing=&#8220;default&#8220; desktop_text_alignment=&#8220;default&#8220; tablet_text_alignment=&#8220;default&#8220; phone_text_alignment=&#8220;default&#8220; background_color_opacity=&#8220;1&#8243; background_hover_color_opacity=&#8220;1&#8243; background_image=&#8220;23&#8243; background_image_position=&#8220;center top&#8220; background_image_stacking=&#8220;default&#8220; enable_bg_scale=&#8220;true&#8220; background_image_loading=&#8220;default&#8220; column_backdrop_filter=&#8220;none&#8220; column_shadow=&#8220;none&#8220; column_border_radius=&#8220;none&#8220; column_link_target=&#8220;_self&#8220; column_position=&#8220;default&#8220; enable_gradient=&#8220;true&#8220; color_overlay_2=&#8220;#333333&#8243; gradient_direction=&#8220;left_to_right&#8220; overlay_strength=&#8220;1&#8243; width=&#8220;1\/2&#8243; tablet_width_inherit=&#8220;default&#8220; animation_type=&#8220;default&#8220; bg_image_animation=&#8220;zoom-out&#8220; border_type=&#8220;simple&#8220; column_border_width=&#8220;none&#8220; column_border_style=&#8220;solid&#8220; column_padding_type=&#8220;default&#8220; gradient_type=&#8220;default&#8220;][divider line_type=&#8220;No Line&#8220; custom_height_tablet=&#8220;600&#8243; custom_height_phone=&#8220;500&#8243;][\/vc_column][vc_column column_padding=&#8220;padding-7-percent&#8220; column_padding_tablet=&#8220;inherit&#8220; column_padding_phone=&#8220;inherit&#8220; column_padding_position=&#8220;top-bottom&#8220; column_element_direction_desktop=&#8220;default&#8220; column_element_spacing=&#8220;default&#8220; desktop_text_alignment=&#8220;default&#8220; tablet_text_alignment=&#8220;default&#8220; phone_text_alignment=&#8220;default&#8220; background_color_opacity=&#8220;1&#8243; background_hover_color_opacity=&#8220;1&#8243; column_backdrop_filter=&#8220;none&#8220; column_shadow=&#8220;none&#8220; column_border_radius=&#8220;none&#8220; column_link_target=&#8220;_self&#8220; column_position=&#8220;default&#8220; zindex=&#8220;100&#8243; gradient_direction=&#8220;left_to_right&#8220; overlay_strength=&#8220;0.3&#8243; width=&#8220;1\/2&#8243; tablet_width_inherit=&#8220;default&#8220; animation_type=&#8220;default&#8220; bg_image_animation=&#8220;none&#8220; border_type=&#8220;simple&#8220; column_border_width=&#8220;none&#8220; column_border_style=&#8220;solid&#8220;][vc_row_inner column_margin=&#8220;default&#8220; column_direction=&#8220;default&#8220; column_direction_tablet=&#8220;default&#8220; column_direction_phone=&#8220;default&#8220; translate_x=&#8220;-28%&#8220; translate_x_tablet=&#8220;0%&#8220; translate_x_phone=&#8220;0%&#8220; text_align=&#8220;left&#8220; row_position=&#8220;default&#8220; row_position_tablet=&#8220;inherit&#8220; row_position_phone=&#8220;inherit&#8220; overflow=&#8220;visible&#8220; pointer_events=&#8220;all&#8220;][vc_column_inner column_padding=&#8220;padding-10-percent&#8220; column_padding_tablet=&#8220;inherit&#8220; column_padding_phone=&#8220;inherit&#8220; column_padding_position=&#8220;right&#8220; column_element_direction_desktop=&#8220;default&#8220; column_element_spacing=&#8220;default&#8220; desktop_text_alignment=&#8220;default&#8220; tablet_text_alignment=&#8220;default&#8220; phone_text_alignment=&#8220;default&#8220; background_color_opacity=&#8220;1&#8243; background_hover_color_opacity=&#8220;1&#8243; column_backdrop_filter=&#8220;none&#8220; column_shadow=&#8220;none&#8220; column_border_radius=&#8220;none&#8220; column_link_target=&#8220;_self&#8220; overflow=&#8220;visible&#8220; gradient_direction=&#8220;left_to_right&#8220; overlay_strength=&#8220;0.3&#8243; width=&#8220;1\/1&#8243; tablet_width_inherit=&#8220;default&#8220; animation_type=&#8220;default&#8220; bg_image_animation=&#8220;none&#8220; border_type=&#8220;simple&#8220; column_border_width=&#8220;none&#8220; column_border_style=&#8220;solid&#8220;][nectar_highlighted_text color_type=&#8220;gradient&#8220; highlight_color=&#8220;#ffa33a&#8220; secondary_color=&#8220;rgba(232,165,42,0.01)&#8220; style=&#8220;half_text&#8220; custom_font_size=&#8220;5vh&#8220; text_direction=&#8220;default&#8220;]\n<h3><em><strong>Nespresso kompatible Kapseln<\/strong><\/em><\/h3>\n[\/nectar_highlighted_text][\/vc_column_inner][\/vc_row_inner][vc_row_inner column_margin=&#8220;default&#8220; column_direction=&#8220;default&#8220; column_direction_tablet=&#8220;default&#8220; column_direction_phone=&#8220;default&#8220; text_align=&#8220;left&#8220; row_position=&#8220;default&#8220; row_position_tablet=&#8220;inherit&#8220; row_position_phone=&#8220;inherit&#8220; overflow=&#8220;visible&#8220; pointer_events=&#8220;all&#8220;][vc_column_inner column_padding=&#8220;no-extra-padding&#8220; column_padding_tablet=&#8220;inherit&#8220; column_padding_phone=&#8220;inherit&#8220; column_padding_position=&#8220;all&#8220; top_margin=&#8220;40&#8243; top_margin_tablet=&#8220;0px&#8220; top_margin_phone=&#8220;0px&#8220; column_element_direction_desktop=&#8220;default&#8220; column_element_spacing=&#8220;default&#8220; desktop_text_alignment=&#8220;default&#8220; tablet_text_alignment=&#8220;default&#8220; phone_text_alignment=&#8220;default&#8220; background_color_opacity=&#8220;1&#8243; background_hover_color_opacity=&#8220;1&#8243; column_backdrop_filter=&#8220;none&#8220; column_shadow=&#8220;none&#8220; column_border_radius=&#8220;none&#8220; column_link_target=&#8220;_self&#8220; overflow=&#8220;visible&#8220; gradient_direction=&#8220;left_to_right&#8220; overlay_strength=&#8220;0.3&#8243; width=&#8220;1\/1&#8243; tablet_width_inherit=&#8220;default&#8220; animation_type=&#8220;default&#8220; bg_image_animation=&#8220;none&#8220; border_type=&#8220;simple&#8220; column_border_width=&#8220;none&#8220; column_border_style=&#8220;solid&#8220;][vc_column_text css=&#8220;.vc_custom_1713786576938{padding-right: 10% !important;}&#8220; text_direction=&#8220;default&#8220;]<strong>Sorten von Premium-Aromen<\/strong><\/p>\n<p>W\u00e4hlen Sie aus verschiedenen Mischungen. Sie k\u00f6nnen sich f\u00fcr gemahlenen Kaffee f\u00fcr Amerikaner, Espresso oder entkoffeinierten Kaffee entscheiden. Probieren Sie alternativ unsere Kapseln mit einem einzigen Ursprung. So erkundet er die einzigartigen Nuancen der verschiedenen Terroirs.<\/p>\n<p><strong>Einzigartiges Verkostungserlebnis<\/strong><\/p>\n<p>Probieren Sie unsere Nespresso kompatiblen Kapseln in drei neuen Geschmacksrichtungen. Nocciolino kombiniert n\u00e4mlich Kaffee mit ger\u00f6steten Haseln\u00fcssen. Ginseng hingegen bietet einen Energieschub mit w\u00fcrzigen Noten. Au\u00dferdem kombiniert Pistacchietto die Cremigkeit von Pistazien mit der Intensit\u00e4t von Kaffee. Entdecken Sie also in jeder Tasse einen neuen Genuss.[\/vc_column_text][\/vc_column_inner][\/vc_row_inner][\/vc_column][\/vc_row]\n","protected":false},"excerpt":{"rendered":"<p>Entdecken Sie unsere neuen Geschmacksrichtungen von Nespresso kompatiblen Kapseln. Nocciolino kombiniert Kaffee mit der S\u00fc\u00dfe der Haselnuss. Ginseng bietet nat\u00fcrliche Energie mit einer w\u00fcrzigen Note. Au\u00dferdem kombiniert Pistacchietto Kaffee mit dem cremigen Geschmack von Pistazien. W\u00e4hlen Sie Ihren Favoriten f\u00fcr ein einzigartiges und raffiniertes Kaffeeerlebnis.<\/p>\n","protected":false},"featured_media":858,"comment_status":"open","ping_status":"closed","template":"","meta":{"jetpack_post_was_ever_published":false},"product_brand":[],"product_cat":[160],"product_tag":[],"class_list":{"0":"post-893","1":"product","2":"type-product","3":"status-publish","4":"has-post-thumbnail","6":"product_cat-nespresso-kompatible-kapseln","8":"first","9":"instock","10":"taxable","11":"shipping-taxable","12":"purchasable","13":"product-type-variable"},"yoast_head":"<!-- This site is optimized with the Yoast SEO plugin v26.4 - https:\/\/yoast.com\/wordpress\/plugins\/seo\/ -->\n<title>Nespresso kompatible Spezialkapseln - Maya Caff\u00e8 Online Shop<\/title>\n<meta name=\"description\" content=\"W\u00e4hlen Sie aus Nespresso kompatiblen Spezialkapseln mit Premium-Geschmacksrichtungen wie Nocciolino, Ginseng und Pistacchietto. Es erwartet Sie ein einzigartiges und raffiniertes Kaffeeerlebnis.\" \/>\n<meta name=\"robots\" content=\"index, follow, max-snippet:-1, max-image-preview:large, max-video-preview:-1\" \/>\n<link rel=\"canonical\" href=\"https:\/\/shop.mayacaffe.it\/de\/online-store\/nespresso-kompatible-kapseln\/nespresso-kompatible-spezialkapseln\/\" \/>\n<meta property=\"og:locale\" content=\"de_DE\" \/>\n<meta property=\"og:type\" content=\"article\" \/>\n<meta property=\"og:title\" content=\"Nespresso kompatible Spezialkapseln - Maya Caff\u00e8 Online Shop\" \/>\n<meta property=\"og:description\" content=\"W\u00e4hlen Sie aus Nespresso kompatiblen Spezialkapseln mit Premium-Geschmacksrichtungen wie Nocciolino, Ginseng und Pistacchietto. Es erwartet Sie ein einzigartiges und raffiniertes Kaffeeerlebnis.\" \/>\n<meta property=\"og:url\" content=\"https:\/\/shop.mayacaffe.it\/de\/online-store\/nespresso-kompatible-kapseln\/nespresso-kompatible-spezialkapseln\/\" \/>\n<meta property=\"og:site_name\" content=\"Maya Caff\u00e8 Online Shop\" \/>\n<meta property=\"article:publisher\" content=\"https:\/\/www.facebook.com\/mayacaffecomo\/\" \/>\n<meta property=\"article:modified_time\" content=\"2024-06-18T11:48:38+00:00\" \/>\n<meta property=\"og:image\" content=\"https:\/\/shop.mayacaffe.it\/wp-content\/uploads\/2024\/06\/capsule-nespresso-ginseng-1024x819.png\" \/>\n\t<meta property=\"og:image:width\" content=\"1024\" \/>\n\t<meta property=\"og:image:height\" content=\"819\" \/>\n\t<meta property=\"og:image:type\" content=\"image\/png\" \/>\n<meta name=\"twitter:card\" content=\"summary_large_image\" \/>\n<meta name=\"twitter:label1\" content=\"Gesch\u00e4tzte Lesezeit\" \/>\n\t<meta name=\"twitter:data1\" content=\"4\u00a0Minuten\" \/>\n<script type=\"application\/ld+json\" class=\"yoast-schema-graph\">{\"@context\":\"https:\/\/schema.org\",\"@graph\":[{\"@type\":\"WebPage\",\"@id\":\"https:\/\/shop.mayacaffe.it\/de\/online-store\/nespresso-kompatible-kapseln\/nespresso-kompatible-spezialkapseln\/\",\"url\":\"https:\/\/shop.mayacaffe.it\/de\/online-store\/nespresso-kompatible-kapseln\/nespresso-kompatible-spezialkapseln\/\",\"name\":\"Nespresso kompatible Spezialkapseln - Maya Caff\u00e8 Online Shop\",\"isPartOf\":{\"@id\":\"https:\/\/shop.mayacaffe.it\/de\/#website\"},\"primaryImageOfPage\":{\"@id\":\"https:\/\/shop.mayacaffe.it\/de\/online-store\/nespresso-kompatible-kapseln\/nespresso-kompatible-spezialkapseln\/#primaryimage\"},\"image\":{\"@id\":\"https:\/\/shop.mayacaffe.it\/de\/online-store\/nespresso-kompatible-kapseln\/nespresso-kompatible-spezialkapseln\/#primaryimage\"},\"thumbnailUrl\":\"https:\/\/shop.mayacaffe.it\/wp-content\/uploads\/2024\/06\/capsule-nespresso-ginseng.png\",\"datePublished\":\"2024-06-13T19:50:47+00:00\",\"dateModified\":\"2024-06-18T11:48:38+00:00\",\"description\":\"W\u00e4hlen Sie aus Nespresso kompatiblen Spezialkapseln mit Premium-Geschmacksrichtungen wie Nocciolino, Ginseng und Pistacchietto. Es erwartet Sie ein einzigartiges und raffiniertes Kaffeeerlebnis.\",\"breadcrumb\":{\"@id\":\"https:\/\/shop.mayacaffe.it\/de\/online-store\/nespresso-kompatible-kapseln\/nespresso-kompatible-spezialkapseln\/#breadcrumb\"},\"inLanguage\":\"de\",\"potentialAction\":[{\"@type\":\"ReadAction\",\"target\":[\"https:\/\/shop.mayacaffe.it\/de\/online-store\/nespresso-kompatible-kapseln\/nespresso-kompatible-spezialkapseln\/\"]}]},{\"@type\":\"ImageObject\",\"inLanguage\":\"de\",\"@id\":\"https:\/\/shop.mayacaffe.it\/de\/online-store\/nespresso-kompatible-kapseln\/nespresso-kompatible-spezialkapseln\/#primaryimage\",\"url\":\"https:\/\/shop.mayacaffe.it\/wp-content\/uploads\/2024\/06\/capsule-nespresso-ginseng.png\",\"contentUrl\":\"https:\/\/shop.mayacaffe.it\/wp-content\/uploads\/2024\/06\/capsule-nespresso-ginseng.png\",\"width\":4000,\"height\":3200},{\"@type\":\"BreadcrumbList\",\"@id\":\"https:\/\/shop.mayacaffe.it\/de\/online-store\/nespresso-kompatible-kapseln\/nespresso-kompatible-spezialkapseln\/#breadcrumb\",\"itemListElement\":[{\"@type\":\"ListItem\",\"position\":1,\"name\":\"Home\",\"item\":\"https:\/\/shop.mayacaffe.it\/de\/shop\/\"},{\"@type\":\"ListItem\",\"position\":2,\"name\":\"Shop\",\"item\":\"https:\/\/shop.mayacaffe.it\/de\/shop\/\"},{\"@type\":\"ListItem\",\"position\":3,\"name\":\"Nespresso kompatible Spezialkapseln\"}]},{\"@type\":\"WebSite\",\"@id\":\"https:\/\/shop.mayacaffe.it\/de\/#website\",\"url\":\"https:\/\/shop.mayacaffe.it\/de\/\",\"name\":\"Caff\u00e8 Maya Como\",\"description\":\"Torrefazione di Produzione Artigianale Caff\u00e8 Maya Como\",\"publisher\":{\"@id\":\"https:\/\/shop.mayacaffe.it\/de\/#organization\"},\"potentialAction\":[{\"@type\":\"SearchAction\",\"target\":{\"@type\":\"EntryPoint\",\"urlTemplate\":\"https:\/\/shop.mayacaffe.it\/de\/?s={search_term_string}\"},\"query-input\":{\"@type\":\"PropertyValueSpecification\",\"valueRequired\":true,\"valueName\":\"search_term_string\"}}],\"inLanguage\":\"de\"},{\"@type\":\"Organization\",\"@id\":\"https:\/\/shop.mayacaffe.it\/de\/#organization\",\"name\":\"Torrefazione Caff\u00e8 MAYA S.A.S di Rimoldi D & C\",\"url\":\"https:\/\/shop.mayacaffe.it\/de\/\",\"logo\":{\"@type\":\"ImageObject\",\"inLanguage\":\"de\",\"@id\":\"https:\/\/shop.mayacaffe.it\/de\/#\/schema\/logo\/image\/\",\"url\":\"https:\/\/shop.mayacaffe.it\/wp-content\/uploads\/2024\/04\/logo-maya-tr.webp\",\"contentUrl\":\"https:\/\/shop.mayacaffe.it\/wp-content\/uploads\/2024\/04\/logo-maya-tr.webp\",\"width\":198,\"height\":198,\"caption\":\"Torrefazione Caff\u00e8 MAYA S.A.S di Rimoldi D & C\"},\"image\":{\"@id\":\"https:\/\/shop.mayacaffe.it\/de\/#\/schema\/logo\/image\/\"},\"sameAs\":[\"https:\/\/www.facebook.com\/mayacaffecomo\/\"]}]}<\/script>\n<!-- \/ Yoast SEO plugin. -->","yoast_head_json":{"title":"Nespresso kompatible Spezialkapseln - Maya Caff\u00e8 Online Shop","description":"W\u00e4hlen Sie aus Nespresso kompatiblen Spezialkapseln mit Premium-Geschmacksrichtungen wie Nocciolino, Ginseng und Pistacchietto. Es erwartet Sie ein einzigartiges und raffiniertes Kaffeeerlebnis.","robots":{"index":"index","follow":"follow","max-snippet":"max-snippet:-1","max-image-preview":"max-image-preview:large","max-video-preview":"max-video-preview:-1"},"canonical":"https:\/\/shop.mayacaffe.it\/de\/online-store\/nespresso-kompatible-kapseln\/nespresso-kompatible-spezialkapseln\/","og_locale":"de_DE","og_type":"article","og_title":"Nespresso kompatible Spezialkapseln - Maya Caff\u00e8 Online Shop","og_description":"W\u00e4hlen Sie aus Nespresso kompatiblen Spezialkapseln mit Premium-Geschmacksrichtungen wie Nocciolino, Ginseng und Pistacchietto. Es erwartet Sie ein einzigartiges und raffiniertes Kaffeeerlebnis.","og_url":"https:\/\/shop.mayacaffe.it\/de\/online-store\/nespresso-kompatible-kapseln\/nespresso-kompatible-spezialkapseln\/","og_site_name":"Maya Caff\u00e8 Online Shop","article_publisher":"https:\/\/www.facebook.com\/mayacaffecomo\/","article_modified_time":"2024-06-18T11:48:38+00:00","og_image":[{"width":1024,"height":819,"url":"https:\/\/shop.mayacaffe.it\/wp-content\/uploads\/2024\/06\/capsule-nespresso-ginseng-1024x819.png","type":"image\/png"}],"twitter_card":"summary_large_image","twitter_misc":{"Gesch\u00e4tzte Lesezeit":"4\u00a0Minuten"},"schema":{"@context":"https:\/\/schema.org","@graph":[{"@type":"WebPage","@id":"https:\/\/shop.mayacaffe.it\/de\/online-store\/nespresso-kompatible-kapseln\/nespresso-kompatible-spezialkapseln\/","url":"https:\/\/shop.mayacaffe.it\/de\/online-store\/nespresso-kompatible-kapseln\/nespresso-kompatible-spezialkapseln\/","name":"Nespresso kompatible Spezialkapseln - Maya Caff\u00e8 Online Shop","isPartOf":{"@id":"https:\/\/shop.mayacaffe.it\/de\/#website"},"primaryImageOfPage":{"@id":"https:\/\/shop.mayacaffe.it\/de\/online-store\/nespresso-kompatible-kapseln\/nespresso-kompatible-spezialkapseln\/#primaryimage"},"image":{"@id":"https:\/\/shop.mayacaffe.it\/de\/online-store\/nespresso-kompatible-kapseln\/nespresso-kompatible-spezialkapseln\/#primaryimage"},"thumbnailUrl":"https:\/\/shop.mayacaffe.it\/wp-content\/uploads\/2024\/06\/capsule-nespresso-ginseng.png","datePublished":"2024-06-13T19:50:47+00:00","dateModified":"2024-06-18T11:48:38+00:00","description":"W\u00e4hlen Sie aus Nespresso kompatiblen Spezialkapseln mit Premium-Geschmacksrichtungen wie Nocciolino, Ginseng und Pistacchietto. Es erwartet Sie ein einzigartiges und raffiniertes Kaffeeerlebnis.","breadcrumb":{"@id":"https:\/\/shop.mayacaffe.it\/de\/online-store\/nespresso-kompatible-kapseln\/nespresso-kompatible-spezialkapseln\/#breadcrumb"},"inLanguage":"de","potentialAction":[{"@type":"ReadAction","target":["https:\/\/shop.mayacaffe.it\/de\/online-store\/nespresso-kompatible-kapseln\/nespresso-kompatible-spezialkapseln\/"]}]},{"@type":"ImageObject","inLanguage":"de","@id":"https:\/\/shop.mayacaffe.it\/de\/online-store\/nespresso-kompatible-kapseln\/nespresso-kompatible-spezialkapseln\/#primaryimage","url":"https:\/\/shop.mayacaffe.it\/wp-content\/uploads\/2024\/06\/capsule-nespresso-ginseng.png","contentUrl":"https:\/\/shop.mayacaffe.it\/wp-content\/uploads\/2024\/06\/capsule-nespresso-ginseng.png","width":4000,"height":3200},{"@type":"BreadcrumbList","@id":"https:\/\/shop.mayacaffe.it\/de\/online-store\/nespresso-kompatible-kapseln\/nespresso-kompatible-spezialkapseln\/#breadcrumb","itemListElement":[{"@type":"ListItem","position":1,"name":"Home","item":"https:\/\/shop.mayacaffe.it\/de\/shop\/"},{"@type":"ListItem","position":2,"name":"Shop","item":"https:\/\/shop.mayacaffe.it\/de\/shop\/"},{"@type":"ListItem","position":3,"name":"Nespresso kompatible Spezialkapseln"}]},{"@type":"WebSite","@id":"https:\/\/shop.mayacaffe.it\/de\/#website","url":"https:\/\/shop.mayacaffe.it\/de\/","name":"Caff\u00e8 Maya Como","description":"Torrefazione di Produzione Artigianale Caff\u00e8 Maya Como","publisher":{"@id":"https:\/\/shop.mayacaffe.it\/de\/#organization"},"potentialAction":[{"@type":"SearchAction","target":{"@type":"EntryPoint","urlTemplate":"https:\/\/shop.mayacaffe.it\/de\/?s={search_term_string}"},"query-input":{"@type":"PropertyValueSpecification","valueRequired":true,"valueName":"search_term_string"}}],"inLanguage":"de"},{"@type":"Organization","@id":"https:\/\/shop.mayacaffe.it\/de\/#organization","name":"Torrefazione Caff\u00e8 MAYA S.A.S di Rimoldi D & C","url":"https:\/\/shop.mayacaffe.it\/de\/","logo":{"@type":"ImageObject","inLanguage":"de","@id":"https:\/\/shop.mayacaffe.it\/de\/#\/schema\/logo\/image\/","url":"https:\/\/shop.mayacaffe.it\/wp-content\/uploads\/2024\/04\/logo-maya-tr.webp","contentUrl":"https:\/\/shop.mayacaffe.it\/wp-content\/uploads\/2024\/04\/logo-maya-tr.webp","width":198,"height":198,"caption":"Torrefazione Caff\u00e8 MAYA S.A.S di Rimoldi D & C"},"image":{"@id":"https:\/\/shop.mayacaffe.it\/de\/#\/schema\/logo\/image\/"},"sameAs":["https:\/\/www.facebook.com\/mayacaffecomo\/"]}]}},"jetpack_sharing_enabled":true,"_links":{"self":[{"href":"https:\/\/shop.mayacaffe.it\/de\/wp-json\/wp\/v2\/product\/893","targetHints":{"allow":["GET"]}}],"collection":[{"href":"https:\/\/shop.mayacaffe.it\/de\/wp-json\/wp\/v2\/product"}],"about":[{"href":"https:\/\/shop.mayacaffe.it\/de\/wp-json\/wp\/v2\/types\/product"}],"replies":[{"embeddable":true,"href":"https:\/\/shop.mayacaffe.it\/de\/wp-json\/wp\/v2\/comments?post=893"}],"wp:featuredmedia":[{"embeddable":true,"href":"https:\/\/shop.mayacaffe.it\/de\/wp-json\/wp\/v2\/media\/858"}],"wp:attachment":[{"href":"https:\/\/shop.mayacaffe.it\/de\/wp-json\/wp\/v2\/media?parent=893"}],"wp:term":[{"taxonomy":"product_brand","embeddable":true,"href":"https:\/\/shop.mayacaffe.it\/de\/wp-json\/wp\/v2\/product_brand?post=893"},{"taxonomy":"product_cat","embeddable":true,"href":"https:\/\/shop.mayacaffe.it\/de\/wp-json\/wp\/v2\/product_cat?post=893"},{"taxonomy":"product_tag","embeddable":true,"href":"https:\/\/shop.mayacaffe.it\/de\/wp-json\/wp\/v2\/product_tag?post=893"}],"curies":[{"name":"wp","href":"https:\/\/api.w.org\/{rel}","templated":true}]}}