{"id":984,"date":"2024-04-29T15:58:16","date_gmt":"2024-04-29T13:58:16","guid":{"rendered":"https:\/\/shop.mayacaffe.it\/f-a-q\/"},"modified":"2024-06-21T20:31:33","modified_gmt":"2024-06-21T18:31:33","slug":"f-a-q","status":"publish","type":"page","link":"https:\/\/shop.mayacaffe.it\/de\/f-a-q\/","title":{"rendered":"F.A.Q."},"content":{"rendered":"[vc_row type=&#8220;in_container&#8220; full_screen_row_position=&#8220;middle&#8220; column_margin=&#8220;default&#8220; column_direction=&#8220;default&#8220; column_direction_tablet=&#8220;default&#8220; column_direction_phone=&#8220;default&#8220; scene_position=&#8220;center&#8220; text_color=&#8220;dark&#8220; text_align=&#8220;left&#8220; row_border_radius=&#8220;none&#8220; row_border_radius_applies=&#8220;bg&#8220; overflow=&#8220;visible&#8220; overlay_strength=&#8220;0.3&#8243; gradient_direction=&#8220;left_to_right&#8220; shape_divider_position=&#8220;bottom&#8220; bg_image_animation=&#8220;none&#8220;][vc_column column_padding=&#8220;no-extra-padding&#8220; column_padding_tablet=&#8220;inherit&#8220; column_padding_phone=&#8220;inherit&#8220; column_padding_position=&#8220;all&#8220; column_element_direction_desktop=&#8220;default&#8220; column_element_spacing=&#8220;default&#8220; desktop_text_alignment=&#8220;default&#8220; tablet_text_alignment=&#8220;default&#8220; phone_text_alignment=&#8220;default&#8220; background_color_opacity=&#8220;1&#8243; background_hover_color_opacity=&#8220;1&#8243; column_backdrop_filter=&#8220;none&#8220; column_shadow=&#8220;none&#8220; column_border_radius=&#8220;none&#8220; column_link_target=&#8220;_self&#8220; column_position=&#8220;default&#8220; gradient_direction=&#8220;left_to_right&#8220; overlay_strength=&#8220;0.3&#8243; width=&#8220;1\/1&#8243; tablet_width_inherit=&#8220;default&#8220; animation_type=&#8220;default&#8220; bg_image_animation=&#8220;none&#8220; border_type=&#8220;simple&#8220; column_border_width=&#8220;none&#8220; column_border_style=&#8220;solid&#8220;][vc_column_text text_direction=&#8220;default&#8220;]\n<h1>FAQ (H\u00e4ufig gestellte Fragen)<\/h1>\n<h2>Konto- und Bestellhistorie<\/h2>\n<p><strong>Warum kann ich mein Benutzerkonto bei shop.mayacaffe.co.uk nicht finden?<\/strong><\/p>\n<p>Wir haben einen neuen Shop erstellt, um die Sicherheit und die Benutzerfreundlichkeit zu verbessern. Aus Datenschutzgr\u00fcnden wurden bestehende Konten, die vor dem 21\/06\/2024 registriert wurden, nicht \u00fcbertragen. Es ist erforderlich, ein neues Konto zu erstellen.<\/p>\n<p><strong>Was passiert mit meiner Bestellhistorie?<\/strong><\/p>\n<p>Da wir die vor dem 21\/06\/2024 registrierten Benutzerkonten nicht importiert haben, wurde auch die Bestellhistorie nicht \u00fcbertragen. Wenn Sie Informationen \u00fcber Ihre vergangenen Bestellungen ben\u00f6tigen, kontaktieren Sie uns bitte und wir helfen Ihnen gerne weiter. Wir garantieren vollen Support f\u00fcr alle bereits get\u00e4tigten Bestellungen.<\/p>\n<p><strong>Wie werden die auf der alten Website eingegebenen Daten behandelt?<\/strong><\/p>\n<p>Pers\u00f6nliche Daten von der alten Website werden in \u00dcbereinstimmung mit unserer Datenschutzrichtlinie behandelt und sicher gel\u00f6scht.<\/p>\n<h2>Versand<\/h2>\n<p><strong>Welche Versandarten gibt es?<\/strong><\/p>\n<p>Wir versenden alle unsere Artikel mit nationalen und internationalen Kurierdiensten.<\/p>\n<p><strong>Machen Sie internationale Sendungen?<\/strong><\/p>\n<p>Ja, wir liefern fast in die ganze Welt! Sie k\u00f6nnen die Versandkosten im Einkaufswagen einsehen. Wenn Sie das Lieferland ausw\u00e4hlen, k\u00f6nnen Sie automatisch die Versandkosten f\u00fcr Ihre Bestellung berechnen. Wenn Ihr Land nicht aufgef\u00fchrt ist, kontaktieren Sie uns bitte und wir informieren Sie \u00fcber die Versandkosten f\u00fcr Ihre Bestellung.<\/p>\n<p><strong>Wie lange wird es dauern, bis ich mein Paket erhalte?<\/strong><\/p>\n<p>In den meisten F\u00e4llen dauert die Lieferung der Waren zwischen 2 und 7 Werktagen, je nach Gewicht des Pakets und der Lieferadresse.<\/p>\n<h2>Zahlungen<\/h2>\n<p><strong>Welche Zahlungsarten sind erlaubt?<\/strong><\/p>\n<p>Zahlungen k\u00f6nnen per Bank\u00fcberweisung, PayPal-Konto, Kreditkarte \u00fcber PayPal oder per Nachnahme in unserer Werkstatt erfolgen.<\/p>\n<p><strong>Sind Online-Zahlungen sicher?<\/strong><\/p>\n<p>Ja, die Zahlung \u00fcber PayPal gilt als eine der sichersten Methoden f\u00fcr Online-Transaktionen. Kreditkarten- und PayPal-Kontodaten werden nicht in unserem System gespeichert.<\/p>\n<h2>Bestellungen und R\u00fccksendungen<\/h2>\n<p><strong>Wie kann ich die Bestellung aufgeben?<\/strong><\/p>\n<p>W\u00e4hlen Sie Ihre Lieblingsprodukte, legen Sie sie in den Einkaufswagen und gehen Sie zur Kasse. Sie k\u00f6nnen dies als Gastbenutzer oder als registrierter Benutzer tun.<\/p>\n<p><strong>Wie kann ich meine Bestellung stornieren oder \u00e4ndern?<\/strong><\/p>\n<p>Wenn Sie Ihre Bestellung stornieren oder \u00e4ndern m\u00f6chten, senden Sie bitte so schnell wie m\u00f6glich eine E-Mail an <a href=\"mailto:info@mayacaffe.it\">info@mayacaffe.it <\/a>. Wir werden unser Bestes tun, um Sie zu unterst\u00fctzen. Wenn das Paket jedoch bereits versandt wurde, k\u00f6nnen wir die Bestellung nicht mehr stornieren oder \u00e4ndern.<\/p>\n<p><strong>Muss ich registriert sein, um eine Bestellung aufzugeben?<\/strong><\/p>\n<p>Nein, Sie k\u00f6nnen als Gast oder als registrierter Benutzer einkaufen.<\/p>\n<p><strong>Wie kann ich meine Bestellung verfolgen?<\/strong><\/p>\n<p>Um Ihre Bestellung zu verfolgen, besuchen Sie die Benutzerseite und geben Sie Ihre Bestell-ID ein (diese ist in der E-Mail mit der Bestellbest\u00e4tigung enthalten).<\/p>\n<p><strong>Wie kann ich meine Bestellung zur\u00fcckgeben?<\/strong><\/p>\n<p>F\u00fcr R\u00fccksendungen oder Umtausch kontaktieren Sie uns bitte so schnell wie m\u00f6glich, indem Sie eine E-Mail an <a href=\"mailto:info@mayacaffe.it\" target=\"_new\" rel=\"noopener\">info@mayacaffe.it<\/a> senden <a href=\"mailto:info@mayacaffe.it\" target=\"_new\" rel=\"noopener\">,<\/a> einschlie\u00dflich:<\/p>\n<ul>\n<li>Bestellnummer<\/li>\n<li>Referenz oder Name des Produkts, das Sie zur\u00fcckgeben oder umtauschen m\u00f6chten<\/li>\n<li>Grund f\u00fcr die R\u00fcckgabe des Produkts<\/li>\n<\/ul>\n<p>Wir werden uns mit Ihnen in Verbindung setzen, um Sie bei der R\u00fcckgabe zu unterst\u00fctzen und zu begleiten.<\/p>\n<h2>Kontakt<\/h2>\n<p>Wenn Sie weitere Informationen oder Hilfe ben\u00f6tigen, z\u00f6gern Sie bitte nicht, uns zu kontaktieren:<\/p>\n<ul>\n<li><strong>Telefon:<\/strong> <a href=\"tel:+39031505217\"> +39 031 &#8211; 505217<\/a><\/li>\n<li><strong>E-Mail<\/strong>: <a href=\"mailto:info@mayacaffe.it\" target=\"_new\" rel=\"noopener\">info@mayacaffe.it<\/a><\/li>\n<\/ul>\n<p>Wir sind f\u00fcr Sie da und beantworten alle Ihre Fragen zu Versand, Zahlung, Bestellungen und R\u00fccksendungen.[\/vc_column_text][\/vc_column][\/vc_row]\n","protected":false},"excerpt":{"rendered":"<p>[vc_row type=&#8220;in_container&#8220; full_screen_row_position=&#8220;middle&#8220; column_margin=&#8220;default&#8220; column_direction=&#8220;default&#8220; column_direction_tablet=&#8220;default&#8220; column_direction_phone=&#8220;default&#8220; scene_position=&#8220;center&#8220; text_color=&#8220;dark&#8220; text_align=&#8220;left&#8220; row_border_radius=&#8220;none&#8220; row_border_radius_applies=&#8220;bg&#8220; overflow=&#8220;visible&#8220; overlay_strength=&#8220;0.3&#8243; gradient_direction=&#8220;left_to_right&#8220; shape_divider_position=&#8220;bottom&#8220; bg_image_animation=&#8220;none&#8220;][vc_column column_padding=&#8220;no-extra-padding&#8220; column_padding_tablet=&#8220;inherit&#8220; column_padding_phone=&#8220;inherit&#8220; column_padding_position=&#8220;all&#8220; column_element_direction_desktop=&#8220;default&#8220; column_element_spacing=&#8220;default&#8220; desktop_text_alignment=&#8220;default&#8220; tablet_text_alignment=&#8220;default&#8220; phone_text_alignment=&#8220;default&#8220; background_color_opacity=&#8220;1&#8243; background_hover_color_opacity=&#8220;1&#8243; column_backdrop_filter=&#8220;none&#8220; column_shadow=&#8220;none&#8220;&#8230;<\/p>\n","protected":false},"author":1,"featured_media":0,"parent":0,"menu_order":0,"comment_status":"closed","ping_status":"closed","template":"","meta":{"jetpack_post_was_ever_published":false,"footnotes":""},"class_list":["post-984","page","type-page","status-publish"],"yoast_head":"<!-- This site is optimized with the Yoast SEO plugin v26.4 - https:\/\/yoast.com\/wordpress\/plugins\/seo\/ -->\n<title>F.A.Q. - Maya Caff\u00e8 Online Shop<\/title>\n<meta name=\"robots\" content=\"index, follow, max-snippet:-1, max-image-preview:large, max-video-preview:-1\" \/>\n<link rel=\"canonical\" href=\"https:\/\/shop.mayacaffe.it\/de\/f-a-q\/\" \/>\n<meta property=\"og:locale\" content=\"de_DE\" \/>\n<meta property=\"og:type\" content=\"article\" \/>\n<meta property=\"og:title\" content=\"F.A.Q. - Maya Caff\u00e8 Online Shop\" \/>\n<meta property=\"og:description\" content=\"[vc_row type=&#8220;in_container&#8220; full_screen_row_position=&#8220;middle&#8220; column_margin=&#8220;default&#8220; column_direction=&#8220;default&#8220; column_direction_tablet=&#8220;default&#8220; column_direction_phone=&#8220;default&#8220; scene_position=&#8220;center&#8220; text_color=&#8220;dark&#8220; text_align=&#8220;left&#8220; row_border_radius=&#8220;none&#8220; row_border_radius_applies=&#8220;bg&#8220; overflow=&#8220;visible&#8220; overlay_strength=&#8220;0.3&#8243; gradient_direction=&#8220;left_to_right&#8220; shape_divider_position=&#8220;bottom&#8220; bg_image_animation=&#8220;none&#8220;][vc_column column_padding=&#8220;no-extra-padding&#8220; column_padding_tablet=&#8220;inherit&#8220; column_padding_phone=&#8220;inherit&#8220; column_padding_position=&#8220;all&#8220; column_element_direction_desktop=&#8220;default&#8220; column_element_spacing=&#8220;default&#8220; desktop_text_alignment=&#8220;default&#8220; tablet_text_alignment=&#8220;default&#8220; phone_text_alignment=&#8220;default&#8220; background_color_opacity=&#8220;1&#8243; background_hover_color_opacity=&#8220;1&#8243; column_backdrop_filter=&#8220;none&#8220; column_shadow=&#8220;none&#8220;...\" \/>\n<meta property=\"og:url\" content=\"https:\/\/shop.mayacaffe.it\/de\/f-a-q\/\" \/>\n<meta property=\"og:site_name\" content=\"Maya Caff\u00e8 Online Shop\" \/>\n<meta property=\"article:publisher\" content=\"https:\/\/www.facebook.com\/mayacaffecomo\/\" \/>\n<meta property=\"article:modified_time\" content=\"2024-06-21T18:31:33+00:00\" \/>\n<meta name=\"twitter:card\" content=\"summary_large_image\" \/>\n<meta name=\"twitter:label1\" content=\"Gesch\u00e4tzte Lesezeit\" \/>\n\t<meta name=\"twitter:data1\" content=\"4\u00a0Minuten\" \/>\n<script type=\"application\/ld+json\" class=\"yoast-schema-graph\">{\"@context\":\"https:\/\/schema.org\",\"@graph\":[{\"@type\":\"WebPage\",\"@id\":\"https:\/\/shop.mayacaffe.it\/de\/f-a-q\/\",\"url\":\"https:\/\/shop.mayacaffe.it\/de\/f-a-q\/\",\"name\":\"F.A.Q. - Maya Caff\u00e8 Online Shop\",\"isPartOf\":{\"@id\":\"https:\/\/shop.mayacaffe.it\/de\/#website\"},\"datePublished\":\"2024-04-29T13:58:16+00:00\",\"dateModified\":\"2024-06-21T18:31:33+00:00\",\"breadcrumb\":{\"@id\":\"https:\/\/shop.mayacaffe.it\/de\/f-a-q\/#breadcrumb\"},\"inLanguage\":\"de\",\"potentialAction\":[{\"@type\":\"ReadAction\",\"target\":[\"https:\/\/shop.mayacaffe.it\/de\/f-a-q\/\"]}]},{\"@type\":\"BreadcrumbList\",\"@id\":\"https:\/\/shop.mayacaffe.it\/de\/f-a-q\/#breadcrumb\",\"itemListElement\":[{\"@type\":\"ListItem\",\"position\":1,\"name\":\"Home\",\"item\":\"https:\/\/shop.mayacaffe.it\/de\/shop\/\"},{\"@type\":\"ListItem\",\"position\":2,\"name\":\"F.A.Q.\"}]},{\"@type\":\"WebSite\",\"@id\":\"https:\/\/shop.mayacaffe.it\/de\/#website\",\"url\":\"https:\/\/shop.mayacaffe.it\/de\/\",\"name\":\"Caff\u00e8 Maya Como\",\"description\":\"Torrefazione di Produzione Artigianale Caff\u00e8 Maya Como\",\"publisher\":{\"@id\":\"https:\/\/shop.mayacaffe.it\/de\/#organization\"},\"potentialAction\":[{\"@type\":\"SearchAction\",\"target\":{\"@type\":\"EntryPoint\",\"urlTemplate\":\"https:\/\/shop.mayacaffe.it\/de\/?s={search_term_string}\"},\"query-input\":{\"@type\":\"PropertyValueSpecification\",\"valueRequired\":true,\"valueName\":\"search_term_string\"}}],\"inLanguage\":\"de\"},{\"@type\":\"Organization\",\"@id\":\"https:\/\/shop.mayacaffe.it\/de\/#organization\",\"name\":\"Torrefazione Caff\u00e8 MAYA S.A.S di Rimoldi D & C\",\"url\":\"https:\/\/shop.mayacaffe.it\/de\/\",\"logo\":{\"@type\":\"ImageObject\",\"inLanguage\":\"de\",\"@id\":\"https:\/\/shop.mayacaffe.it\/de\/#\/schema\/logo\/image\/\",\"url\":\"https:\/\/shop.mayacaffe.it\/wp-content\/uploads\/2024\/04\/logo-maya-tr.webp\",\"contentUrl\":\"https:\/\/shop.mayacaffe.it\/wp-content\/uploads\/2024\/04\/logo-maya-tr.webp\",\"width\":198,\"height\":198,\"caption\":\"Torrefazione Caff\u00e8 MAYA S.A.S di Rimoldi D & C\"},\"image\":{\"@id\":\"https:\/\/shop.mayacaffe.it\/de\/#\/schema\/logo\/image\/\"},\"sameAs\":[\"https:\/\/www.facebook.com\/mayacaffecomo\/\"]}]}<\/script>\n<!-- \/ Yoast SEO plugin. -->","yoast_head_json":{"title":"F.A.Q. - Maya Caff\u00e8 Online Shop","robots":{"index":"index","follow":"follow","max-snippet":"max-snippet:-1","max-image-preview":"max-image-preview:large","max-video-preview":"max-video-preview:-1"},"canonical":"https:\/\/shop.mayacaffe.it\/de\/f-a-q\/","og_locale":"de_DE","og_type":"article","og_title":"F.A.Q. - Maya Caff\u00e8 Online Shop","og_description":"[vc_row type=&#8220;in_container&#8220; full_screen_row_position=&#8220;middle&#8220; column_margin=&#8220;default&#8220; column_direction=&#8220;default&#8220; column_direction_tablet=&#8220;default&#8220; column_direction_phone=&#8220;default&#8220; scene_position=&#8220;center&#8220; text_color=&#8220;dark&#8220; text_align=&#8220;left&#8220; row_border_radius=&#8220;none&#8220; row_border_radius_applies=&#8220;bg&#8220; overflow=&#8220;visible&#8220; overlay_strength=&#8220;0.3&#8243; gradient_direction=&#8220;left_to_right&#8220; shape_divider_position=&#8220;bottom&#8220; bg_image_animation=&#8220;none&#8220;][vc_column column_padding=&#8220;no-extra-padding&#8220; column_padding_tablet=&#8220;inherit&#8220; column_padding_phone=&#8220;inherit&#8220; column_padding_position=&#8220;all&#8220; column_element_direction_desktop=&#8220;default&#8220; column_element_spacing=&#8220;default&#8220; desktop_text_alignment=&#8220;default&#8220; tablet_text_alignment=&#8220;default&#8220; phone_text_alignment=&#8220;default&#8220; background_color_opacity=&#8220;1&#8243; background_hover_color_opacity=&#8220;1&#8243; column_backdrop_filter=&#8220;none&#8220; column_shadow=&#8220;none&#8220;...","og_url":"https:\/\/shop.mayacaffe.it\/de\/f-a-q\/","og_site_name":"Maya Caff\u00e8 Online Shop","article_publisher":"https:\/\/www.facebook.com\/mayacaffecomo\/","article_modified_time":"2024-06-21T18:31:33+00:00","twitter_card":"summary_large_image","twitter_misc":{"Gesch\u00e4tzte Lesezeit":"4\u00a0Minuten"},"schema":{"@context":"https:\/\/schema.org","@graph":[{"@type":"WebPage","@id":"https:\/\/shop.mayacaffe.it\/de\/f-a-q\/","url":"https:\/\/shop.mayacaffe.it\/de\/f-a-q\/","name":"F.A.Q. - Maya Caff\u00e8 Online Shop","isPartOf":{"@id":"https:\/\/shop.mayacaffe.it\/de\/#website"},"datePublished":"2024-04-29T13:58:16+00:00","dateModified":"2024-06-21T18:31:33+00:00","breadcrumb":{"@id":"https:\/\/shop.mayacaffe.it\/de\/f-a-q\/#breadcrumb"},"inLanguage":"de","potentialAction":[{"@type":"ReadAction","target":["https:\/\/shop.mayacaffe.it\/de\/f-a-q\/"]}]},{"@type":"BreadcrumbList","@id":"https:\/\/shop.mayacaffe.it\/de\/f-a-q\/#breadcrumb","itemListElement":[{"@type":"ListItem","position":1,"name":"Home","item":"https:\/\/shop.mayacaffe.it\/de\/shop\/"},{"@type":"ListItem","position":2,"name":"F.A.Q."}]},{"@type":"WebSite","@id":"https:\/\/shop.mayacaffe.it\/de\/#website","url":"https:\/\/shop.mayacaffe.it\/de\/","name":"Caff\u00e8 Maya Como","description":"Torrefazione di Produzione Artigianale Caff\u00e8 Maya Como","publisher":{"@id":"https:\/\/shop.mayacaffe.it\/de\/#organization"},"potentialAction":[{"@type":"SearchAction","target":{"@type":"EntryPoint","urlTemplate":"https:\/\/shop.mayacaffe.it\/de\/?s={search_term_string}"},"query-input":{"@type":"PropertyValueSpecification","valueRequired":true,"valueName":"search_term_string"}}],"inLanguage":"de"},{"@type":"Organization","@id":"https:\/\/shop.mayacaffe.it\/de\/#organization","name":"Torrefazione Caff\u00e8 MAYA S.A.S di Rimoldi D & C","url":"https:\/\/shop.mayacaffe.it\/de\/","logo":{"@type":"ImageObject","inLanguage":"de","@id":"https:\/\/shop.mayacaffe.it\/de\/#\/schema\/logo\/image\/","url":"https:\/\/shop.mayacaffe.it\/wp-content\/uploads\/2024\/04\/logo-maya-tr.webp","contentUrl":"https:\/\/shop.mayacaffe.it\/wp-content\/uploads\/2024\/04\/logo-maya-tr.webp","width":198,"height":198,"caption":"Torrefazione Caff\u00e8 MAYA S.A.S di Rimoldi D & C"},"image":{"@id":"https:\/\/shop.mayacaffe.it\/de\/#\/schema\/logo\/image\/"},"sameAs":["https:\/\/www.facebook.com\/mayacaffecomo\/"]}]}},"jetpack_shortlink":"https:\/\/wp.me\/PfHWGK-fS","jetpack_sharing_enabled":true,"_links":{"self":[{"href":"https:\/\/shop.mayacaffe.it\/de\/wp-json\/wp\/v2\/pages\/984","targetHints":{"allow":["GET"]}}],"collection":[{"href":"https:\/\/shop.mayacaffe.it\/de\/wp-json\/wp\/v2\/pages"}],"about":[{"href":"https:\/\/shop.mayacaffe.it\/de\/wp-json\/wp\/v2\/types\/page"}],"author":[{"embeddable":true,"href":"https:\/\/shop.mayacaffe.it\/de\/wp-json\/wp\/v2\/users\/1"}],"replies":[{"embeddable":true,"href":"https:\/\/shop.mayacaffe.it\/de\/wp-json\/wp\/v2\/comments?post=984"}],"version-history":[{"count":2,"href":"https:\/\/shop.mayacaffe.it\/de\/wp-json\/wp\/v2\/pages\/984\/revisions"}],"predecessor-version":[{"id":1084,"href":"https:\/\/shop.mayacaffe.it\/de\/wp-json\/wp\/v2\/pages\/984\/revisions\/1084"}],"wp:attachment":[{"href":"https:\/\/shop.mayacaffe.it\/de\/wp-json\/wp\/v2\/media?parent=984"}],"curies":[{"name":"wp","href":"https:\/\/api.w.org\/{rel}","templated":true}]}}