{"id":969,"date":"2024-04-23T01:07:18","date_gmt":"2024-04-22T23:07:18","guid":{"rendered":"https:\/\/shop.mayacaffe.it\/rueckerstattung-und-rueckgaberecht\/"},"modified":"2024-06-17T10:15:24","modified_gmt":"2024-06-17T08:15:24","slug":"rueckerstattung-und-rueckgaberecht","status":"publish","type":"page","link":"https:\/\/shop.mayacaffe.it\/de\/rueckerstattung-und-rueckgaberecht\/","title":{"rendered":"R\u00fcckerstattung und R\u00fcckgaberecht"},"content":{"rendered":"[vc_row type=&#8220;in_container&#8220; full_screen_row_position=&#8220;middle&#8220; column_margin=&#8220;default&#8220; column_direction=&#8220;default&#8220; column_direction_tablet=&#8220;default&#8220; column_direction_phone=&#8220;default&#8220; scene_position=&#8220;center&#8220; text_color=&#8220;dark&#8220; text_align=&#8220;left&#8220; row_border_radius=&#8220;none&#8220; row_border_radius_applies=&#8220;bg&#8220; overflow=&#8220;visible&#8220; overlay_strength=&#8220;0.3&#8243; gradient_direction=&#8220;left_to_right&#8220; shape_divider_position=&#8220;bottom&#8220; bg_image_animation=&#8220;none&#8220;][vc_column column_padding=&#8220;no-extra-padding&#8220; column_padding_tablet=&#8220;inherit&#8220; column_padding_phone=&#8220;inherit&#8220; column_padding_position=&#8220;all&#8220; column_element_direction_desktop=&#8220;default&#8220; column_element_spacing=&#8220;default&#8220; desktop_text_alignment=&#8220;default&#8220; tablet_text_alignment=&#8220;default&#8220; phone_text_alignment=&#8220;default&#8220; background_color_opacity=&#8220;1&#8243; background_hover_color_opacity=&#8220;1&#8243; column_backdrop_filter=&#8220;none&#8220; column_shadow=&#8220;none&#8220; column_border_radius=&#8220;none&#8220; column_link_target=&#8220;_self&#8220; column_position=&#8220;default&#8220; gradient_direction=&#8220;left_to_right&#8220; overlay_strength=&#8220;0.3&#8243; width=&#8220;1\/1&#8243; tablet_width_inherit=&#8220;default&#8220; animation_type=&#8220;default&#8220; bg_image_animation=&#8220;none&#8220; border_type=&#8220;simple&#8220; column_border_width=&#8220;none&#8220; column_border_style=&#8220;solid&#8220;][vc_column_text text_direction=&#8220;default&#8220;]\n\n<p>Willkommen bei unseren R\u00fcckgabe- und Erstattungsbedingungen f\u00fcr <strong>Torrefazione Caff\u00e8 Maya Como<\/strong> Produkte. Wir sind bestrebt, Sie zufrieden zu stellen und Ihnen eine positive Erfahrung mit unseren Produkten zu bieten. Bitte lesen Sie die folgenden Richtlinien f\u00fcr R\u00fcckgaben und R\u00fcckerstattungen sorgf\u00e4ltig durch.<\/p>\n<h2>Resi<\/h2>\n<ol>\n<li><strong>Condizioni dei Resi<\/strong>:\n<ul>\n<li>I prodotti devono essere restituiti entro 30 giorni dalla data di acquisto.<\/li>\n<li>I prodotti devono essere non aperti e non utilizzati per ricevere il rimborso completo.<\/li>\n<li>Gli articoli resi devono essere nella loro confezione originale e con tutti gli accessori inclusi.<\/li>\n<\/ul>\n<\/li>\n<li><strong>Procedura di Reso<\/strong>:\n<ul>\n<li>Per avviare il processo di reso, contattate il nostro servizio clienti entro 30 giorni dall&#8217;acquisto.<\/li>\n<li>Vi forniremo istruzioni dettagliate su come procedere con il reso.<\/li>\n<\/ul>\n<\/li>\n<li><strong>Spese di Spedizione<\/strong>:\n<ul>\n<li>Le spese di spedizione per il reso sono a carico del cliente, a meno che il reso sia dovuto a un errore da parte nostra.<\/li>\n<\/ul>\n<\/li>\n<\/ol>\n<h2>Rimborsi<\/h2>\n<ol>\n<li><strong>Eligibilit\u00e0 al Rimborso<\/strong>:\n<ul>\n<li>I rimborsi saranno emessi solo per i prodotti restituiti nelle condizioni descritte sopra.<\/li>\n<li>Una volta ricevuti e verificati i prodotti resi, emetteremo il rimborso entro 7-10 giorni lavorativi.<\/li>\n<\/ul>\n<\/li>\n<li><strong>Metodo di Rimborso<\/strong>:\n<ul>\n<li>Il rimborso sar\u00e0 emesso tramite lo stesso metodo di pagamento utilizzato per l&#8217;acquisto originale, a meno che non sia diversamente concordato.<\/li>\n<\/ul>\n<\/li>\n<li><strong>Prodotti Non Rimborsabili<\/strong>:\n<ul>\n<li>Gli articoli non aperti, ma scaduti o prossimi alla data di scadenza, potrebbero non essere idonei al rimborso. Contattate il nostro servizio clienti per ulteriori informazioni.<\/li>\n<\/ul>\n<\/li>\n<\/ol>\n<h2>Articoli in Saldo<\/h2>\n<ol>\n<li><strong>Condizioni dei Resi per Articoli in Saldo<\/strong>:\n<ul>\n<li>Gli articoli in saldo sono idonei al reso entro 14 giorni dalla data di acquisto.<\/li>\n<li>Gli articoli in saldo devono essere non aperti e non utilizzati per ricevere il rimborso completo.<\/li>\n<li>Assicuratevi che gli articoli in saldo siano nella loro confezione originale e con tutti gli accessori inclusi ove presenti.<\/li>\n<\/ul>\n<\/li>\n<li><strong>Procedura di Reso per Articoli in Saldo<\/strong>:\n<ul>\n<li>Per avviare il processo di reso per un articolo in saldo, contattate il nostro servizio clienti entro 14 giorni dall&#8217;acquisto.<\/li>\n<li>Vi forniremo istruzioni dettagliate su come procedere con il reso dell&#8217;articolo in saldo.<\/li>\n<\/ul>\n<\/li>\n<li><strong>Rimborsi per Articoli in Saldo<\/strong>:\n<ul>\n<li>I rimborsi per gli articoli in saldo saranno emessi una volta ricevuti e verificati i prodotti resi, entro 7-10 giorni lavorativi.<\/li>\n<li>Il rimborso per gli articoli in saldo sar\u00e0 emesso tramite lo stesso metodo di pagamento utilizzato per l&#8217;acquisto originale, a meno che non sia diversamente concordato.<\/li>\n<\/ul>\n<\/li>\n<\/ol>\n<h2>Contattaci<\/h2>\n<p>F\u00fcr weitere Informationen \u00fcber R\u00fcckgaben und R\u00fcckerstattungen oder um ein R\u00fcckgabeverfahren einzuleiten, wenden Sie sich bitte an unseren Kundenservice:<\/p>\n<ul>\n<li><strong>Telefono<\/strong>: +39 031 &#8211; 505217<\/li>\n<li><strong>Email<\/strong>: <a href=\"mailto:info@mayacaffe.it\" target=\"_new\" rel=\"noopener\">info@mayacaffe.it<\/a><\/li>\n<\/ul>\n<p>Wir helfen Ihnen gerne weiter und beantworten alle Ihre Fragen zu unseren Kaffeeprodukten.<\/p>\n<p>Wir danken Ihnen f\u00fcr Ihr Vertrauen und Ihre Unterst\u00fctzung.<\/p>\n[\/vc_column_text][\/vc_column][\/vc_row]\n","protected":false},"excerpt":{"rendered":"<p>[vc_row type=&#8220;in_container&#8220; full_screen_row_position=&#8220;middle&#8220; column_margin=&#8220;default&#8220; column_direction=&#8220;default&#8220; column_direction_tablet=&#8220;default&#8220; column_direction_phone=&#8220;default&#8220; scene_position=&#8220;center&#8220; text_color=&#8220;dark&#8220; text_align=&#8220;left&#8220; row_border_radius=&#8220;none&#8220; row_border_radius_applies=&#8220;bg&#8220; overflow=&#8220;visible&#8220; overlay_strength=&#8220;0.3&#8243; gradient_direction=&#8220;left_to_right&#8220; shape_divider_position=&#8220;bottom&#8220; bg_image_animation=&#8220;none&#8220;][vc_column column_padding=&#8220;no-extra-padding&#8220; column_padding_tablet=&#8220;inherit&#8220; column_padding_phone=&#8220;inherit&#8220; column_padding_position=&#8220;all&#8220; column_element_direction_desktop=&#8220;default&#8220; column_element_spacing=&#8220;default&#8220; desktop_text_alignment=&#8220;default&#8220; tablet_text_alignment=&#8220;default&#8220; phone_text_alignment=&#8220;default&#8220; background_color_opacity=&#8220;1&#8243; background_hover_color_opacity=&#8220;1&#8243; column_backdrop_filter=&#8220;none&#8220; column_shadow=&#8220;none&#8220;&#8230;<\/p>\n","protected":false},"author":1,"featured_media":0,"parent":0,"menu_order":0,"comment_status":"closed","ping_status":"closed","template":"","meta":{"jetpack_post_was_ever_published":false,"footnotes":""},"class_list":["post-969","page","type-page","status-publish"],"yoast_head":"<!-- This site is optimized with the Yoast SEO plugin v26.4 - https:\/\/yoast.com\/wordpress\/plugins\/seo\/ -->\n<title>R\u00fcckerstattung und R\u00fcckgaberecht - Maya Caff\u00e8 Online Shop<\/title>\n<meta name=\"robots\" content=\"index, follow, max-snippet:-1, max-image-preview:large, max-video-preview:-1\" \/>\n<link rel=\"canonical\" href=\"https:\/\/shop.mayacaffe.it\/de\/rueckerstattung-und-rueckgaberecht\/\" \/>\n<meta property=\"og:locale\" content=\"de_DE\" \/>\n<meta property=\"og:type\" content=\"article\" \/>\n<meta property=\"og:title\" content=\"R\u00fcckerstattung und R\u00fcckgaberecht - Maya Caff\u00e8 Online Shop\" \/>\n<meta property=\"og:description\" content=\"[vc_row type=&#8220;in_container&#8220; full_screen_row_position=&#8220;middle&#8220; column_margin=&#8220;default&#8220; column_direction=&#8220;default&#8220; column_direction_tablet=&#8220;default&#8220; column_direction_phone=&#8220;default&#8220; scene_position=&#8220;center&#8220; text_color=&#8220;dark&#8220; text_align=&#8220;left&#8220; row_border_radius=&#8220;none&#8220; row_border_radius_applies=&#8220;bg&#8220; overflow=&#8220;visible&#8220; overlay_strength=&#8220;0.3&#8243; gradient_direction=&#8220;left_to_right&#8220; shape_divider_position=&#8220;bottom&#8220; bg_image_animation=&#8220;none&#8220;][vc_column column_padding=&#8220;no-extra-padding&#8220; column_padding_tablet=&#8220;inherit&#8220; column_padding_phone=&#8220;inherit&#8220; column_padding_position=&#8220;all&#8220; column_element_direction_desktop=&#8220;default&#8220; column_element_spacing=&#8220;default&#8220; desktop_text_alignment=&#8220;default&#8220; tablet_text_alignment=&#8220;default&#8220; phone_text_alignment=&#8220;default&#8220; background_color_opacity=&#8220;1&#8243; background_hover_color_opacity=&#8220;1&#8243; column_backdrop_filter=&#8220;none&#8220; column_shadow=&#8220;none&#8220;...\" \/>\n<meta property=\"og:url\" content=\"https:\/\/shop.mayacaffe.it\/de\/rueckerstattung-und-rueckgaberecht\/\" \/>\n<meta property=\"og:site_name\" content=\"Maya Caff\u00e8 Online Shop\" \/>\n<meta property=\"article:publisher\" content=\"https:\/\/www.facebook.com\/mayacaffecomo\/\" \/>\n<meta property=\"article:modified_time\" content=\"2024-06-17T08:15:24+00:00\" \/>\n<meta name=\"twitter:card\" content=\"summary_large_image\" \/>\n<meta name=\"twitter:label1\" content=\"Gesch\u00e4tzte Lesezeit\" \/>\n\t<meta name=\"twitter:data1\" content=\"3\u00a0Minuten\" \/>\n<script type=\"application\/ld+json\" class=\"yoast-schema-graph\">{\"@context\":\"https:\/\/schema.org\",\"@graph\":[{\"@type\":\"WebPage\",\"@id\":\"https:\/\/shop.mayacaffe.it\/de\/rueckerstattung-und-rueckgaberecht\/\",\"url\":\"https:\/\/shop.mayacaffe.it\/de\/rueckerstattung-und-rueckgaberecht\/\",\"name\":\"R\u00fcckerstattung und R\u00fcckgaberecht - Maya Caff\u00e8 Online Shop\",\"isPartOf\":{\"@id\":\"https:\/\/shop.mayacaffe.it\/de\/#website\"},\"datePublished\":\"2024-04-22T23:07:18+00:00\",\"dateModified\":\"2024-06-17T08:15:24+00:00\",\"breadcrumb\":{\"@id\":\"https:\/\/shop.mayacaffe.it\/de\/rueckerstattung-und-rueckgaberecht\/#breadcrumb\"},\"inLanguage\":\"de\",\"potentialAction\":[{\"@type\":\"ReadAction\",\"target\":[\"https:\/\/shop.mayacaffe.it\/de\/rueckerstattung-und-rueckgaberecht\/\"]}]},{\"@type\":\"BreadcrumbList\",\"@id\":\"https:\/\/shop.mayacaffe.it\/de\/rueckerstattung-und-rueckgaberecht\/#breadcrumb\",\"itemListElement\":[{\"@type\":\"ListItem\",\"position\":1,\"name\":\"Home\",\"item\":\"https:\/\/shop.mayacaffe.it\/de\/shop\/\"},{\"@type\":\"ListItem\",\"position\":2,\"name\":\"R\u00fcckerstattung und R\u00fcckgaberecht\"}]},{\"@type\":\"WebSite\",\"@id\":\"https:\/\/shop.mayacaffe.it\/de\/#website\",\"url\":\"https:\/\/shop.mayacaffe.it\/de\/\",\"name\":\"Caff\u00e8 Maya Como\",\"description\":\"Torrefazione di Produzione Artigianale Caff\u00e8 Maya Como\",\"publisher\":{\"@id\":\"https:\/\/shop.mayacaffe.it\/de\/#organization\"},\"potentialAction\":[{\"@type\":\"SearchAction\",\"target\":{\"@type\":\"EntryPoint\",\"urlTemplate\":\"https:\/\/shop.mayacaffe.it\/de\/?s={search_term_string}\"},\"query-input\":{\"@type\":\"PropertyValueSpecification\",\"valueRequired\":true,\"valueName\":\"search_term_string\"}}],\"inLanguage\":\"de\"},{\"@type\":\"Organization\",\"@id\":\"https:\/\/shop.mayacaffe.it\/de\/#organization\",\"name\":\"Torrefazione Caff\u00e8 MAYA S.A.S di Rimoldi D & C\",\"url\":\"https:\/\/shop.mayacaffe.it\/de\/\",\"logo\":{\"@type\":\"ImageObject\",\"inLanguage\":\"de\",\"@id\":\"https:\/\/shop.mayacaffe.it\/de\/#\/schema\/logo\/image\/\",\"url\":\"https:\/\/shop.mayacaffe.it\/wp-content\/uploads\/2024\/04\/logo-maya-tr.webp\",\"contentUrl\":\"https:\/\/shop.mayacaffe.it\/wp-content\/uploads\/2024\/04\/logo-maya-tr.webp\",\"width\":198,\"height\":198,\"caption\":\"Torrefazione Caff\u00e8 MAYA S.A.S di Rimoldi D & C\"},\"image\":{\"@id\":\"https:\/\/shop.mayacaffe.it\/de\/#\/schema\/logo\/image\/\"},\"sameAs\":[\"https:\/\/www.facebook.com\/mayacaffecomo\/\"]}]}<\/script>\n<!-- \/ Yoast SEO plugin. -->","yoast_head_json":{"title":"R\u00fcckerstattung und R\u00fcckgaberecht - Maya Caff\u00e8 Online Shop","robots":{"index":"index","follow":"follow","max-snippet":"max-snippet:-1","max-image-preview":"max-image-preview:large","max-video-preview":"max-video-preview:-1"},"canonical":"https:\/\/shop.mayacaffe.it\/de\/rueckerstattung-und-rueckgaberecht\/","og_locale":"de_DE","og_type":"article","og_title":"R\u00fcckerstattung und R\u00fcckgaberecht - Maya Caff\u00e8 Online Shop","og_description":"[vc_row type=&#8220;in_container&#8220; full_screen_row_position=&#8220;middle&#8220; column_margin=&#8220;default&#8220; column_direction=&#8220;default&#8220; column_direction_tablet=&#8220;default&#8220; column_direction_phone=&#8220;default&#8220; scene_position=&#8220;center&#8220; text_color=&#8220;dark&#8220; text_align=&#8220;left&#8220; row_border_radius=&#8220;none&#8220; row_border_radius_applies=&#8220;bg&#8220; overflow=&#8220;visible&#8220; overlay_strength=&#8220;0.3&#8243; gradient_direction=&#8220;left_to_right&#8220; shape_divider_position=&#8220;bottom&#8220; bg_image_animation=&#8220;none&#8220;][vc_column column_padding=&#8220;no-extra-padding&#8220; column_padding_tablet=&#8220;inherit&#8220; column_padding_phone=&#8220;inherit&#8220; column_padding_position=&#8220;all&#8220; column_element_direction_desktop=&#8220;default&#8220; column_element_spacing=&#8220;default&#8220; desktop_text_alignment=&#8220;default&#8220; tablet_text_alignment=&#8220;default&#8220; phone_text_alignment=&#8220;default&#8220; background_color_opacity=&#8220;1&#8243; background_hover_color_opacity=&#8220;1&#8243; column_backdrop_filter=&#8220;none&#8220; column_shadow=&#8220;none&#8220;...","og_url":"https:\/\/shop.mayacaffe.it\/de\/rueckerstattung-und-rueckgaberecht\/","og_site_name":"Maya Caff\u00e8 Online Shop","article_publisher":"https:\/\/www.facebook.com\/mayacaffecomo\/","article_modified_time":"2024-06-17T08:15:24+00:00","twitter_card":"summary_large_image","twitter_misc":{"Gesch\u00e4tzte Lesezeit":"3\u00a0Minuten"},"schema":{"@context":"https:\/\/schema.org","@graph":[{"@type":"WebPage","@id":"https:\/\/shop.mayacaffe.it\/de\/rueckerstattung-und-rueckgaberecht\/","url":"https:\/\/shop.mayacaffe.it\/de\/rueckerstattung-und-rueckgaberecht\/","name":"R\u00fcckerstattung und R\u00fcckgaberecht - Maya Caff\u00e8 Online Shop","isPartOf":{"@id":"https:\/\/shop.mayacaffe.it\/de\/#website"},"datePublished":"2024-04-22T23:07:18+00:00","dateModified":"2024-06-17T08:15:24+00:00","breadcrumb":{"@id":"https:\/\/shop.mayacaffe.it\/de\/rueckerstattung-und-rueckgaberecht\/#breadcrumb"},"inLanguage":"de","potentialAction":[{"@type":"ReadAction","target":["https:\/\/shop.mayacaffe.it\/de\/rueckerstattung-und-rueckgaberecht\/"]}]},{"@type":"BreadcrumbList","@id":"https:\/\/shop.mayacaffe.it\/de\/rueckerstattung-und-rueckgaberecht\/#breadcrumb","itemListElement":[{"@type":"ListItem","position":1,"name":"Home","item":"https:\/\/shop.mayacaffe.it\/de\/shop\/"},{"@type":"ListItem","position":2,"name":"R\u00fcckerstattung und R\u00fcckgaberecht"}]},{"@type":"WebSite","@id":"https:\/\/shop.mayacaffe.it\/de\/#website","url":"https:\/\/shop.mayacaffe.it\/de\/","name":"Caff\u00e8 Maya Como","description":"Torrefazione di Produzione Artigianale Caff\u00e8 Maya Como","publisher":{"@id":"https:\/\/shop.mayacaffe.it\/de\/#organization"},"potentialAction":[{"@type":"SearchAction","target":{"@type":"EntryPoint","urlTemplate":"https:\/\/shop.mayacaffe.it\/de\/?s={search_term_string}"},"query-input":{"@type":"PropertyValueSpecification","valueRequired":true,"valueName":"search_term_string"}}],"inLanguage":"de"},{"@type":"Organization","@id":"https:\/\/shop.mayacaffe.it\/de\/#organization","name":"Torrefazione Caff\u00e8 MAYA S.A.S di Rimoldi D & C","url":"https:\/\/shop.mayacaffe.it\/de\/","logo":{"@type":"ImageObject","inLanguage":"de","@id":"https:\/\/shop.mayacaffe.it\/de\/#\/schema\/logo\/image\/","url":"https:\/\/shop.mayacaffe.it\/wp-content\/uploads\/2024\/04\/logo-maya-tr.webp","contentUrl":"https:\/\/shop.mayacaffe.it\/wp-content\/uploads\/2024\/04\/logo-maya-tr.webp","width":198,"height":198,"caption":"Torrefazione Caff\u00e8 MAYA S.A.S di Rimoldi D & C"},"image":{"@id":"https:\/\/shop.mayacaffe.it\/de\/#\/schema\/logo\/image\/"},"sameAs":["https:\/\/www.facebook.com\/mayacaffecomo\/"]}]}},"jetpack_shortlink":"https:\/\/wp.me\/PfHWGK-fD","jetpack_sharing_enabled":true,"_links":{"self":[{"href":"https:\/\/shop.mayacaffe.it\/de\/wp-json\/wp\/v2\/pages\/969","targetHints":{"allow":["GET"]}}],"collection":[{"href":"https:\/\/shop.mayacaffe.it\/de\/wp-json\/wp\/v2\/pages"}],"about":[{"href":"https:\/\/shop.mayacaffe.it\/de\/wp-json\/wp\/v2\/types\/page"}],"author":[{"embeddable":true,"href":"https:\/\/shop.mayacaffe.it\/de\/wp-json\/wp\/v2\/users\/1"}],"replies":[{"embeddable":true,"href":"https:\/\/shop.mayacaffe.it\/de\/wp-json\/wp\/v2\/comments?post=969"}],"version-history":[{"count":1,"href":"https:\/\/shop.mayacaffe.it\/de\/wp-json\/wp\/v2\/pages\/969\/revisions"}],"predecessor-version":[{"id":970,"href":"https:\/\/shop.mayacaffe.it\/de\/wp-json\/wp\/v2\/pages\/969\/revisions\/970"}],"wp:attachment":[{"href":"https:\/\/shop.mayacaffe.it\/de\/wp-json\/wp\/v2\/media?parent=969"}],"curies":[{"name":"wp","href":"https:\/\/api.w.org\/{rel}","templated":true}]}}